{"id":9405,"date":"2021-02-24T23:47:19","date_gmt":"2021-02-24T22:47:19","guid":{"rendered":"https:\/\/www.alphameditalia.com\/store\/?post_type=product&#038;p=9405"},"modified":"2022-01-14T23:11:31","modified_gmt":"2022-01-14T22:11:31","slug":"me027-sonopuls-492-enraf-nonius-versione-con-sezione-elettroterapia-e-predisposizione-per-ultrasuono","status":"publish","type":"product","link":"https:\/\/www.alphameditalia.com\/store\/product\/me027-sonopuls-492-enraf-nonius-versione-con-sezione-elettroterapia-e-predisposizione-per-ultrasuono\/","title":{"rendered":"ME027 Sonopuls 492 Enraf Nonius versione con sezione elettroterapia e predisposizione per ultrasuono"},"content":{"rendered":"<p>ELETTROTERAPIA<br \/>\nDispositivo utilizzato per terapia del dolore, stimolazione muscolare e\/o diagnostica. Applicazioni di elettroterapia per alleviare rapidamente il dolore senza effetti collaterali. \u00c8 possibile stimolare i muscoli per migliorare la funzionalit\u00e0 del tessuto molle. L\u2019elettroterapia pu\u00f2 essere utilizzata per misurare la risposta differenziata del tessuto alla stimolazione, permettendo di fornire una diagnosi sulla qualit\u00e0 del tessuto.<\/p>\n<p>PROTOCOLLI EVIDENCE BASED<br \/>\n42 protocolli evidence based per elettroterapia<br \/>\nOltre 3000 memorie per i Vostri trattamenti<\/p>\n<p>ACCESSORI STANDARD SONOPULS 492<br \/>\nAE091 Cavo alimentazione 230V-EUR<br \/>\nAE092 Supporto per testina ultrasuoni<br \/>\nAE087 Fascia di fissaggio 250&#215;3 cm<br \/>\nAE088 Fascia di fissaggio 100&#215;3 cm<br \/>\nAE089 Elettrodi in gomma 6&#215;8 cm, 2 mm spinotto, 2 pz.<br \/>\nCE015 Spugne per elettrodi in gomma 6&#215;8 cm, 4 pz<br \/>\nAE174 Cavo paziente 2 mm di contatto nero maschio, con clips colorate<br \/>\nFlacone gel 250 ml 1 pz<br \/>\nIstruzioni d&#8217;uso con CD ROM<\/p>\n<p>CARATTERISTICHE ELETTROTERAPIA<br \/>\nUscite elettroterapia 2 (100% indipendente)<br \/>\n26 Forme di correnti elettroterapiche (per canale)<br \/>\n42 protocolli di trattamento evidence based<br \/>\n1000+ memorie programmabili<\/p>\n<p>DATI TECNICI SONOPULS 492<br \/>\nAlimentazione 100 \u2013 240 V \u00b1 10% \/ 50 \/ 60 Hz<br \/>\nDimensioni (BxDxH)<br \/>\nApparecchio: 24 x 32 x 12 cm<br \/>\nApparecchiatura con piedino 24 x 30.5 x 18.2 cm<br \/>\nApparecchiatura con Vacotron 24 x 30.5 x 21.6 cm<br \/>\nPeso 2 kg, 3 kg con batteria opzionale<\/p>\n<p>Questa apparecchiatura \u00e8 conforme a tutti i requisiti della Direttiva 93\/42\/CEE sui dispositivi medici. Certificazione TUV TEDESCO.<\/p>\n","protected":false},"excerpt":{"rendered":"<p>Il Sonopuls 492 rappresenta il sistema di elite della nuova serie 4. Questa versione del Sonopuls 492 \u00e8 predisposta per la terapia ad ultrasuoni ma non \u00e8 dotata della relativa testina. L&#8217;unit\u00e0 consentir\u00e0 il solo utilizzo delle correnti elettroterapiche e con l&#8217;acquisto di una testina ad ultrasuoni in un secondo tempo potr\u00e0 essere effettuata anche la terapia ad ultrasuoni e quella combinata. Il Sonopuls 492 dispone di correnti elettroterapiche che garantiscono il massimo reclutamento delle fibre e trasmissione al sistema neurale. L&#8217; unit\u00e0 dispone di 4 canali totalmente indipendenti con possibilit\u00e0 di erogare diverse terapie, con impostazione di parametri diversificati per diversi distretti corporei.<\/p>\n<p>L&#8217;UNICITA&#8217; DEL SONOPULS 492:<\/p>\n<ul>\n<li>dotato di serie di 4 canali completamente indipendenti<\/li>\n<\/ul>\n<p>Garanzia 24 mesi<\/p>\n<p><span style=\"color: #800000; font-size: 14pt;\"><strong><span style=\"color: #800000;\">POSSIBILITA\u2019 DI FINANZIAMENTO CON TASSO AGEVOLATO RICHIEDI OGGI IL TUO PREVENTIVO !\u00a0<\/span><\/strong><\/span><\/p>\n<p><strong><span style=\"color: #800000; font-size: 14pt;\">Prima rata a 30 gg\u00a0<\/span><\/strong><\/p>\n","protected":false},"featured_media":4697,"template":"","meta":{"_exactmetrics_skip_tracking":false,"_exactmetrics_sitenote_active":false,"_exactmetrics_sitenote_note":"","_exactmetrics_sitenote_category":0},"product_cat":[836],"product_tag":[],"product_folder":[],"class_list":{"0":"post-9405","1":"product","2":"type-product","3":"status-publish","4":"has-post-thumbnail","6":"product_cat-unita-da-studio","7":"product_shipping_class-standard-30gg","9":"first","10":"instock","11":"taxable","12":"shipping-taxable","13":"purchasable","14":"product-type-simple"},"yoast_head":"<!-- This site is optimized with the Yoast SEO plugin v25.5 - https:\/\/yoast.com\/wordpress\/plugins\/seo\/ -->\n<title>ME027 Sonopuls 492 Enraf Nonius versione con sezione elettroterapia e predisposizione per ultrasuono - Alphamed Store<\/title>\n<meta name=\"robots\" content=\"index, follow, max-snippet:-1, max-image-preview:large, max-video-preview:-1\" \/>\n<link rel=\"canonical\" href=\"https:\/\/www.alphameditalia.com\/store\/product\/me027-sonopuls-492-enraf-nonius-versione-con-sezione-elettroterapia-e-predisposizione-per-ultrasuono\/\" \/>\n<meta property=\"og:locale\" content=\"it_IT\" \/>\n<meta property=\"og:type\" content=\"article\" \/>\n<meta property=\"og:title\" content=\"ME027 Sonopuls 492 Enraf Nonius versione con sezione elettroterapia e predisposizione per ultrasuono - Alphamed Store\" \/>\n<meta property=\"og:description\" content=\"Il Sonopuls 492 rappresenta il sistema di elite della nuova serie 4. Questa versione del Sonopuls 492 \u00e8 predisposta per la terapia ad ultrasuoni ma non \u00e8 dotata della relativa testina. L&#039;unit\u00e0 consentir\u00e0 il solo utilizzo delle correnti elettroterapiche e con l&#039;acquisto di una testina ad ultrasuoni in un secondo tempo potr\u00e0 essere effettuata anche la terapia ad ultrasuoni e quella combinata. Il Sonopuls 492 dispone di correnti elettroterapiche che garantiscono il massimo reclutamento delle fibre e trasmissione al sistema neurale. L&#039; unit\u00e0 dispone di 4 canali totalmente indipendenti con possibilit\u00e0 di erogare diverse terapie, con impostazione di parametri diversificati per diversi distretti corporei.  L&#039;UNICITA&#039; DEL SONOPULS 492:   dotato di serie di 4 canali completamente indipendenti  Garanzia 24 mesi  POSSIBILITA\u2019 DI FINANZIAMENTO CON TASSO AGEVOLATO RICHIEDI OGGI IL TUO PREVENTIVO !\u00a0  Prima rata a 30 gg\u00a0\" \/>\n<meta property=\"og:url\" content=\"https:\/\/www.alphameditalia.com\/store\/product\/me027-sonopuls-492-enraf-nonius-versione-con-sezione-elettroterapia-e-predisposizione-per-ultrasuono\/\" \/>\n<meta property=\"og:site_name\" content=\"Alphamed Store\" \/>\n<meta property=\"article:modified_time\" content=\"2022-01-14T22:11:31+00:00\" \/>\n<meta property=\"og:image\" content=\"https:\/\/www.alphameditalia.com\/store\/wp-content\/uploads\/2020\/02\/UTILIZZO.jpg\" \/>\n\t<meta property=\"og:image:width\" content=\"400\" \/>\n\t<meta property=\"og:image:height\" content=\"400\" \/>\n\t<meta property=\"og:image:type\" content=\"image\/jpeg\" \/>\n<meta name=\"twitter:card\" content=\"summary_large_image\" \/>\n<meta name=\"twitter:label1\" content=\"Tempo di lettura stimato\" \/>\n\t<meta name=\"twitter:data1\" content=\"2 minuti\" \/>\n<script type=\"application\/ld+json\" class=\"yoast-schema-graph\">{\"@context\":\"https:\/\/schema.org\",\"@graph\":[{\"@type\":\"WebPage\",\"@id\":\"https:\/\/www.alphameditalia.com\/store\/product\/me027-sonopuls-492-enraf-nonius-versione-con-sezione-elettroterapia-e-predisposizione-per-ultrasuono\/\",\"url\":\"https:\/\/www.alphameditalia.com\/store\/product\/me027-sonopuls-492-enraf-nonius-versione-con-sezione-elettroterapia-e-predisposizione-per-ultrasuono\/\",\"name\":\"ME027 Sonopuls 492 Enraf Nonius versione con sezione elettroterapia e predisposizione per ultrasuono - Alphamed Store\",\"isPartOf\":{\"@id\":\"https:\/\/www.alphameditalia.com\/store\/#website\"},\"primaryImageOfPage\":{\"@id\":\"https:\/\/www.alphameditalia.com\/store\/product\/me027-sonopuls-492-enraf-nonius-versione-con-sezione-elettroterapia-e-predisposizione-per-ultrasuono\/#primaryimage\"},\"image\":{\"@id\":\"https:\/\/www.alphameditalia.com\/store\/product\/me027-sonopuls-492-enraf-nonius-versione-con-sezione-elettroterapia-e-predisposizione-per-ultrasuono\/#primaryimage\"},\"thumbnailUrl\":\"https:\/\/www.alphameditalia.com\/store\/wp-content\/uploads\/2020\/02\/UTILIZZO.jpg\",\"datePublished\":\"2021-02-24T22:47:19+00:00\",\"dateModified\":\"2022-01-14T22:11:31+00:00\",\"breadcrumb\":{\"@id\":\"https:\/\/www.alphameditalia.com\/store\/product\/me027-sonopuls-492-enraf-nonius-versione-con-sezione-elettroterapia-e-predisposizione-per-ultrasuono\/#breadcrumb\"},\"inLanguage\":\"it-IT\",\"potentialAction\":[{\"@type\":\"ReadAction\",\"target\":[\"https:\/\/www.alphameditalia.com\/store\/product\/me027-sonopuls-492-enraf-nonius-versione-con-sezione-elettroterapia-e-predisposizione-per-ultrasuono\/\"]}]},{\"@type\":\"ImageObject\",\"inLanguage\":\"it-IT\",\"@id\":\"https:\/\/www.alphameditalia.com\/store\/product\/me027-sonopuls-492-enraf-nonius-versione-con-sezione-elettroterapia-e-predisposizione-per-ultrasuono\/#primaryimage\",\"url\":\"https:\/\/www.alphameditalia.com\/store\/wp-content\/uploads\/2020\/02\/UTILIZZO.jpg\",\"contentUrl\":\"https:\/\/www.alphameditalia.com\/store\/wp-content\/uploads\/2020\/02\/UTILIZZO.jpg\",\"width\":400,\"height\":400},{\"@type\":\"BreadcrumbList\",\"@id\":\"https:\/\/www.alphameditalia.com\/store\/product\/me027-sonopuls-492-enraf-nonius-versione-con-sezione-elettroterapia-e-predisposizione-per-ultrasuono\/#breadcrumb\",\"itemListElement\":[{\"@type\":\"ListItem\",\"position\":1,\"name\":\"Home\",\"item\":\"https:\/\/www.alphameditalia.com\/store\/\"},{\"@type\":\"ListItem\",\"position\":2,\"name\":\"Prodotti\",\"item\":\"https:\/\/www.alphameditalia.com\/store\/shop\/\"},{\"@type\":\"ListItem\",\"position\":3,\"name\":\"ME027 Sonopuls 492 Enraf Nonius versione con sezione elettroterapia e predisposizione per ultrasuono\"}]},{\"@type\":\"WebSite\",\"@id\":\"https:\/\/www.alphameditalia.com\/store\/#website\",\"url\":\"https:\/\/www.alphameditalia.com\/store\/\",\"name\":\"Alphamed Store\",\"description\":\"\",\"potentialAction\":[{\"@type\":\"SearchAction\",\"target\":{\"@type\":\"EntryPoint\",\"urlTemplate\":\"https:\/\/www.alphameditalia.com\/store\/?s={search_term_string}\"},\"query-input\":{\"@type\":\"PropertyValueSpecification\",\"valueRequired\":true,\"valueName\":\"search_term_string\"}}],\"inLanguage\":\"it-IT\"}]}<\/script>\n<!-- \/ Yoast SEO plugin. -->","yoast_head_json":{"title":"ME027 Sonopuls 492 Enraf Nonius versione con sezione elettroterapia e predisposizione per ultrasuono - Alphamed Store","robots":{"index":"index","follow":"follow","max-snippet":"max-snippet:-1","max-image-preview":"max-image-preview:large","max-video-preview":"max-video-preview:-1"},"canonical":"https:\/\/www.alphameditalia.com\/store\/product\/me027-sonopuls-492-enraf-nonius-versione-con-sezione-elettroterapia-e-predisposizione-per-ultrasuono\/","og_locale":"it_IT","og_type":"article","og_title":"ME027 Sonopuls 492 Enraf Nonius versione con sezione elettroterapia e predisposizione per ultrasuono - Alphamed Store","og_description":"Il Sonopuls 492 rappresenta il sistema di elite della nuova serie 4. Questa versione del Sonopuls 492 \u00e8 predisposta per la terapia ad ultrasuoni ma non \u00e8 dotata della relativa testina. L'unit\u00e0 consentir\u00e0 il solo utilizzo delle correnti elettroterapiche e con l'acquisto di una testina ad ultrasuoni in un secondo tempo potr\u00e0 essere effettuata anche la terapia ad ultrasuoni e quella combinata. Il Sonopuls 492 dispone di correnti elettroterapiche che garantiscono il massimo reclutamento delle fibre e trasmissione al sistema neurale. L' unit\u00e0 dispone di 4 canali totalmente indipendenti con possibilit\u00e0 di erogare diverse terapie, con impostazione di parametri diversificati per diversi distretti corporei.  L'UNICITA' DEL SONOPULS 492:   dotato di serie di 4 canali completamente indipendenti  Garanzia 24 mesi  POSSIBILITA\u2019 DI FINANZIAMENTO CON TASSO AGEVOLATO RICHIEDI OGGI IL TUO PREVENTIVO !\u00a0  Prima rata a 30 gg\u00a0","og_url":"https:\/\/www.alphameditalia.com\/store\/product\/me027-sonopuls-492-enraf-nonius-versione-con-sezione-elettroterapia-e-predisposizione-per-ultrasuono\/","og_site_name":"Alphamed Store","article_modified_time":"2022-01-14T22:11:31+00:00","og_image":[{"width":400,"height":400,"url":"https:\/\/www.alphameditalia.com\/store\/wp-content\/uploads\/2020\/02\/UTILIZZO.jpg","type":"image\/jpeg"}],"twitter_card":"summary_large_image","twitter_misc":{"Tempo di lettura stimato":"2 minuti"},"schema":{"@context":"https:\/\/schema.org","@graph":[{"@type":"WebPage","@id":"https:\/\/www.alphameditalia.com\/store\/product\/me027-sonopuls-492-enraf-nonius-versione-con-sezione-elettroterapia-e-predisposizione-per-ultrasuono\/","url":"https:\/\/www.alphameditalia.com\/store\/product\/me027-sonopuls-492-enraf-nonius-versione-con-sezione-elettroterapia-e-predisposizione-per-ultrasuono\/","name":"ME027 Sonopuls 492 Enraf Nonius versione con sezione elettroterapia e predisposizione per ultrasuono - Alphamed Store","isPartOf":{"@id":"https:\/\/www.alphameditalia.com\/store\/#website"},"primaryImageOfPage":{"@id":"https:\/\/www.alphameditalia.com\/store\/product\/me027-sonopuls-492-enraf-nonius-versione-con-sezione-elettroterapia-e-predisposizione-per-ultrasuono\/#primaryimage"},"image":{"@id":"https:\/\/www.alphameditalia.com\/store\/product\/me027-sonopuls-492-enraf-nonius-versione-con-sezione-elettroterapia-e-predisposizione-per-ultrasuono\/#primaryimage"},"thumbnailUrl":"https:\/\/www.alphameditalia.com\/store\/wp-content\/uploads\/2020\/02\/UTILIZZO.jpg","datePublished":"2021-02-24T22:47:19+00:00","dateModified":"2022-01-14T22:11:31+00:00","breadcrumb":{"@id":"https:\/\/www.alphameditalia.com\/store\/product\/me027-sonopuls-492-enraf-nonius-versione-con-sezione-elettroterapia-e-predisposizione-per-ultrasuono\/#breadcrumb"},"inLanguage":"it-IT","potentialAction":[{"@type":"ReadAction","target":["https:\/\/www.alphameditalia.com\/store\/product\/me027-sonopuls-492-enraf-nonius-versione-con-sezione-elettroterapia-e-predisposizione-per-ultrasuono\/"]}]},{"@type":"ImageObject","inLanguage":"it-IT","@id":"https:\/\/www.alphameditalia.com\/store\/product\/me027-sonopuls-492-enraf-nonius-versione-con-sezione-elettroterapia-e-predisposizione-per-ultrasuono\/#primaryimage","url":"https:\/\/www.alphameditalia.com\/store\/wp-content\/uploads\/2020\/02\/UTILIZZO.jpg","contentUrl":"https:\/\/www.alphameditalia.com\/store\/wp-content\/uploads\/2020\/02\/UTILIZZO.jpg","width":400,"height":400},{"@type":"BreadcrumbList","@id":"https:\/\/www.alphameditalia.com\/store\/product\/me027-sonopuls-492-enraf-nonius-versione-con-sezione-elettroterapia-e-predisposizione-per-ultrasuono\/#breadcrumb","itemListElement":[{"@type":"ListItem","position":1,"name":"Home","item":"https:\/\/www.alphameditalia.com\/store\/"},{"@type":"ListItem","position":2,"name":"Prodotti","item":"https:\/\/www.alphameditalia.com\/store\/shop\/"},{"@type":"ListItem","position":3,"name":"ME027 Sonopuls 492 Enraf Nonius versione con sezione elettroterapia e predisposizione per ultrasuono"}]},{"@type":"WebSite","@id":"https:\/\/www.alphameditalia.com\/store\/#website","url":"https:\/\/www.alphameditalia.com\/store\/","name":"Alphamed Store","description":"","potentialAction":[{"@type":"SearchAction","target":{"@type":"EntryPoint","urlTemplate":"https:\/\/www.alphameditalia.com\/store\/?s={search_term_string}"},"query-input":{"@type":"PropertyValueSpecification","valueRequired":true,"valueName":"search_term_string"}}],"inLanguage":"it-IT"}]}},"_links":{"self":[{"href":"https:\/\/www.alphameditalia.com\/store\/wp-json\/wp\/v2\/product\/9405","targetHints":{"allow":["GET"]}}],"collection":[{"href":"https:\/\/www.alphameditalia.com\/store\/wp-json\/wp\/v2\/product"}],"about":[{"href":"https:\/\/www.alphameditalia.com\/store\/wp-json\/wp\/v2\/types\/product"}],"wp:featuredmedia":[{"embeddable":true,"href":"https:\/\/www.alphameditalia.com\/store\/wp-json\/wp\/v2\/media\/4697"}],"wp:attachment":[{"href":"https:\/\/www.alphameditalia.com\/store\/wp-json\/wp\/v2\/media?parent=9405"}],"wp:term":[{"taxonomy":"product_cat","embeddable":true,"href":"https:\/\/www.alphameditalia.com\/store\/wp-json\/wp\/v2\/product_cat?post=9405"},{"taxonomy":"product_tag","embeddable":true,"href":"https:\/\/www.alphameditalia.com\/store\/wp-json\/wp\/v2\/product_tag?post=9405"},{"taxonomy":"product_folder","embeddable":true,"href":"https:\/\/www.alphameditalia.com\/store\/wp-json\/wp\/v2\/product_folder?post=9405"}],"curies":[{"name":"wp","href":"https:\/\/api.w.org\/{rel}","templated":true}]}}