{"id":7779,"date":"2020-09-24T14:50:57","date_gmt":"2020-09-24T12:50:57","guid":{"rendered":"https:\/\/www.alphameditalia.com\/store\/?post_type=product&#038;p=7779"},"modified":"2020-09-24T15:04:06","modified_gmt":"2020-09-24T13:04:06","slug":"cb061-gelocast-cm-10x7-mt","status":"publish","type":"product","link":"https:\/\/www.alphameditalia.com\/store\/product\/cb061-gelocast-cm-10x7-mt\/","title":{"rendered":"CB061 Gelocast cm 10&#215;7 mt"},"content":{"rendered":"<div class=\"page\" title=\"Page 141\">\n<div class=\"layoutArea\">\n<div class=\"column\">\n<div class=\"page\" title=\"Page 141\">\n<div class=\"layoutArea\">\n<div class=\"column\">\n<div class=\"page\" title=\"Page 143\">\n<div class=\"layoutArea\">\n<div class=\"column\">\n<div class=\"page\" title=\"Page 143\">\n<div class=\"layoutArea\">\n<div class=\"column\">\n<div class=\"page\" title=\"Page 143\">\n<div class=\"layoutArea\">\n<div class=\"column\">\n<div class=\"page\" title=\"Page 143\">\n<div class=\"layoutArea\">\n<div class=\"column\">\n<div class=\"page\" title=\"Page 143\">\n<div class=\"layoutArea\">\n<div class=\"column\">\n<div class=\"page\" title=\"Page 143\">\n<div class=\"layoutArea\">\n<div class=\"column\">\n<p>Benda in garza pronta all\u2019uso, impregnata con gel all\u2019ossido di zinco a base di cellulosa per un bendaggio semi-rigido.<\/p>\n<p>La benda elastica all\u2019ossido di zinco 10cm x 7m \u00e8 una benda elastica, non sterile, impregnata con pasta all\u2019ossido di zinco ad elevata capacit\u00e0 adesiva, ma nel contempo di relativa facilit\u00e0 di rimozione. Alcune bende all\u2019ossido di zinco sono in cotone e rayon. Sono progettate con bordi soffici e resistenti in modo da ridurre il pi\u00f9 possibile \u201ceffetto laccio\u201d nei punti difficili. L\u2019elasticit\u00e0 della benda \u00e8 soprattutto di tipo longitudinale e garantisce una buona aderenza iniziale cos\u00ec come a lungo termine. La resistenza all\u2019uso prolungato \u00e8 discreta ma ovviamente di gran lunga inferiore a quella di un apparecchio gessato. I produttori dichiarano un elevato potere traspirante.<\/p>\n<\/div>\n<\/div>\n<\/div>\n<\/div>\n<\/div>\n<\/div>\n<\/div>\n<\/div>\n<\/div>\n<\/div>\n<\/div>\n<\/div>\n<\/div>\n<\/div>\n<\/div>\n<\/div>\n<\/div>\n<\/div>\n<\/div>\n<\/div>\n<\/div>\n<\/div>\n<\/div>\n<\/div>\n","protected":false},"excerpt":{"rendered":"<p>Benda in garza pronta all\u2019uso, impregnata con gel all\u2019ossido di zinco a base di cellulosa per un bendaggio semi-rigido. La benda elastica all\u2019ossido di zinco 10cm x 7m \u00e8 una benda elastica, non sterile, impregnata con pasta all\u2019ossido di zinco &hellip; <a href=\"https:\/\/www.alphameditalia.com\/store\/product\/cb061-gelocast-cm-10x7-mt\/\">Readmore<\/a><\/p>\n","protected":false},"featured_media":7781,"template":"","meta":{"_exactmetrics_skip_tracking":false,"_exactmetrics_sitenote_active":false,"_exactmetrics_sitenote_note":"","_exactmetrics_sitenote_category":0},"product_cat":[795],"product_tag":[],"product_folder":[],"class_list":{"0":"post-7779","1":"product","2":"type-product","3":"status-publish","4":"has-post-thumbnail","6":"product_cat-bendaggio-funzionale","8":"first","9":"instock","10":"taxable","11":"shipping-taxable","12":"purchasable","13":"product-type-simple"},"yoast_head":"<!-- This site is optimized with the Yoast SEO plugin v25.5 - https:\/\/yoast.com\/wordpress\/plugins\/seo\/ -->\n<title>CB061 Gelocast cm 10x7 mt - Alphamed Store<\/title>\n<meta name=\"description\" content=\"CB061 Gelocast cm 10x7 mt\" \/>\n<meta name=\"robots\" content=\"index, follow, max-snippet:-1, max-image-preview:large, max-video-preview:-1\" \/>\n<link rel=\"canonical\" href=\"https:\/\/www.alphameditalia.com\/store\/product\/cb061-gelocast-cm-10x7-mt\/\" \/>\n<meta property=\"og:locale\" content=\"it_IT\" \/>\n<meta property=\"og:type\" content=\"article\" \/>\n<meta property=\"og:title\" content=\"CB061 Gelocast cm 10x7 mt - Alphamed Store\" \/>\n<meta property=\"og:description\" content=\"CB061 Gelocast cm 10x7 mt\" \/>\n<meta property=\"og:url\" content=\"https:\/\/www.alphameditalia.com\/store\/product\/cb061-gelocast-cm-10x7-mt\/\" \/>\n<meta property=\"og:site_name\" content=\"Alphamed Store\" \/>\n<meta property=\"article:modified_time\" content=\"2020-09-24T13:04:06+00:00\" \/>\n<meta property=\"og:image\" content=\"https:\/\/www.alphameditalia.com\/store\/wp-content\/uploads\/2020\/09\/Schermata-2020-09-24-alle-15.01.07.png\" \/>\n\t<meta property=\"og:image:width\" content=\"393\" \/>\n\t<meta property=\"og:image:height\" content=\"397\" \/>\n\t<meta property=\"og:image:type\" content=\"image\/png\" \/>\n<meta name=\"twitter:card\" content=\"summary_large_image\" \/>\n<meta name=\"twitter:label1\" content=\"Tempo di lettura stimato\" \/>\n\t<meta name=\"twitter:data1\" content=\"1 minuto\" \/>\n<script type=\"application\/ld+json\" class=\"yoast-schema-graph\">{\"@context\":\"https:\/\/schema.org\",\"@graph\":[{\"@type\":\"WebPage\",\"@id\":\"https:\/\/www.alphameditalia.com\/store\/product\/cb061-gelocast-cm-10x7-mt\/\",\"url\":\"https:\/\/www.alphameditalia.com\/store\/product\/cb061-gelocast-cm-10x7-mt\/\",\"name\":\"CB061 Gelocast cm 10x7 mt - Alphamed Store\",\"isPartOf\":{\"@id\":\"https:\/\/www.alphameditalia.com\/store\/#website\"},\"primaryImageOfPage\":{\"@id\":\"https:\/\/www.alphameditalia.com\/store\/product\/cb061-gelocast-cm-10x7-mt\/#primaryimage\"},\"image\":{\"@id\":\"https:\/\/www.alphameditalia.com\/store\/product\/cb061-gelocast-cm-10x7-mt\/#primaryimage\"},\"thumbnailUrl\":\"https:\/\/www.alphameditalia.com\/store\/wp-content\/uploads\/2020\/09\/Schermata-2020-09-24-alle-15.01.07.png\",\"datePublished\":\"2020-09-24T12:50:57+00:00\",\"dateModified\":\"2020-09-24T13:04:06+00:00\",\"description\":\"CB061 Gelocast cm 10x7 mt\",\"breadcrumb\":{\"@id\":\"https:\/\/www.alphameditalia.com\/store\/product\/cb061-gelocast-cm-10x7-mt\/#breadcrumb\"},\"inLanguage\":\"it-IT\",\"potentialAction\":[{\"@type\":\"ReadAction\",\"target\":[\"https:\/\/www.alphameditalia.com\/store\/product\/cb061-gelocast-cm-10x7-mt\/\"]}]},{\"@type\":\"ImageObject\",\"inLanguage\":\"it-IT\",\"@id\":\"https:\/\/www.alphameditalia.com\/store\/product\/cb061-gelocast-cm-10x7-mt\/#primaryimage\",\"url\":\"https:\/\/www.alphameditalia.com\/store\/wp-content\/uploads\/2020\/09\/Schermata-2020-09-24-alle-15.01.07.png\",\"contentUrl\":\"https:\/\/www.alphameditalia.com\/store\/wp-content\/uploads\/2020\/09\/Schermata-2020-09-24-alle-15.01.07.png\",\"width\":393,\"height\":397},{\"@type\":\"BreadcrumbList\",\"@id\":\"https:\/\/www.alphameditalia.com\/store\/product\/cb061-gelocast-cm-10x7-mt\/#breadcrumb\",\"itemListElement\":[{\"@type\":\"ListItem\",\"position\":1,\"name\":\"Home\",\"item\":\"https:\/\/www.alphameditalia.com\/store\/\"},{\"@type\":\"ListItem\",\"position\":2,\"name\":\"Prodotti\",\"item\":\"https:\/\/www.alphameditalia.com\/store\/shop\/\"},{\"@type\":\"ListItem\",\"position\":3,\"name\":\"CB061 Gelocast cm 10&#215;7 mt\"}]},{\"@type\":\"WebSite\",\"@id\":\"https:\/\/www.alphameditalia.com\/store\/#website\",\"url\":\"https:\/\/www.alphameditalia.com\/store\/\",\"name\":\"Alphamed Store\",\"description\":\"\",\"potentialAction\":[{\"@type\":\"SearchAction\",\"target\":{\"@type\":\"EntryPoint\",\"urlTemplate\":\"https:\/\/www.alphameditalia.com\/store\/?s={search_term_string}\"},\"query-input\":{\"@type\":\"PropertyValueSpecification\",\"valueRequired\":true,\"valueName\":\"search_term_string\"}}],\"inLanguage\":\"it-IT\"}]}<\/script>\n<!-- \/ Yoast SEO plugin. -->","yoast_head_json":{"title":"CB061 Gelocast cm 10x7 mt - Alphamed Store","description":"CB061 Gelocast cm 10x7 mt","robots":{"index":"index","follow":"follow","max-snippet":"max-snippet:-1","max-image-preview":"max-image-preview:large","max-video-preview":"max-video-preview:-1"},"canonical":"https:\/\/www.alphameditalia.com\/store\/product\/cb061-gelocast-cm-10x7-mt\/","og_locale":"it_IT","og_type":"article","og_title":"CB061 Gelocast cm 10x7 mt - Alphamed Store","og_description":"CB061 Gelocast cm 10x7 mt","og_url":"https:\/\/www.alphameditalia.com\/store\/product\/cb061-gelocast-cm-10x7-mt\/","og_site_name":"Alphamed Store","article_modified_time":"2020-09-24T13:04:06+00:00","og_image":[{"width":393,"height":397,"url":"https:\/\/www.alphameditalia.com\/store\/wp-content\/uploads\/2020\/09\/Schermata-2020-09-24-alle-15.01.07.png","type":"image\/png"}],"twitter_card":"summary_large_image","twitter_misc":{"Tempo di lettura stimato":"1 minuto"},"schema":{"@context":"https:\/\/schema.org","@graph":[{"@type":"WebPage","@id":"https:\/\/www.alphameditalia.com\/store\/product\/cb061-gelocast-cm-10x7-mt\/","url":"https:\/\/www.alphameditalia.com\/store\/product\/cb061-gelocast-cm-10x7-mt\/","name":"CB061 Gelocast cm 10x7 mt - Alphamed Store","isPartOf":{"@id":"https:\/\/www.alphameditalia.com\/store\/#website"},"primaryImageOfPage":{"@id":"https:\/\/www.alphameditalia.com\/store\/product\/cb061-gelocast-cm-10x7-mt\/#primaryimage"},"image":{"@id":"https:\/\/www.alphameditalia.com\/store\/product\/cb061-gelocast-cm-10x7-mt\/#primaryimage"},"thumbnailUrl":"https:\/\/www.alphameditalia.com\/store\/wp-content\/uploads\/2020\/09\/Schermata-2020-09-24-alle-15.01.07.png","datePublished":"2020-09-24T12:50:57+00:00","dateModified":"2020-09-24T13:04:06+00:00","description":"CB061 Gelocast cm 10x7 mt","breadcrumb":{"@id":"https:\/\/www.alphameditalia.com\/store\/product\/cb061-gelocast-cm-10x7-mt\/#breadcrumb"},"inLanguage":"it-IT","potentialAction":[{"@type":"ReadAction","target":["https:\/\/www.alphameditalia.com\/store\/product\/cb061-gelocast-cm-10x7-mt\/"]}]},{"@type":"ImageObject","inLanguage":"it-IT","@id":"https:\/\/www.alphameditalia.com\/store\/product\/cb061-gelocast-cm-10x7-mt\/#primaryimage","url":"https:\/\/www.alphameditalia.com\/store\/wp-content\/uploads\/2020\/09\/Schermata-2020-09-24-alle-15.01.07.png","contentUrl":"https:\/\/www.alphameditalia.com\/store\/wp-content\/uploads\/2020\/09\/Schermata-2020-09-24-alle-15.01.07.png","width":393,"height":397},{"@type":"BreadcrumbList","@id":"https:\/\/www.alphameditalia.com\/store\/product\/cb061-gelocast-cm-10x7-mt\/#breadcrumb","itemListElement":[{"@type":"ListItem","position":1,"name":"Home","item":"https:\/\/www.alphameditalia.com\/store\/"},{"@type":"ListItem","position":2,"name":"Prodotti","item":"https:\/\/www.alphameditalia.com\/store\/shop\/"},{"@type":"ListItem","position":3,"name":"CB061 Gelocast cm 10&#215;7 mt"}]},{"@type":"WebSite","@id":"https:\/\/www.alphameditalia.com\/store\/#website","url":"https:\/\/www.alphameditalia.com\/store\/","name":"Alphamed Store","description":"","potentialAction":[{"@type":"SearchAction","target":{"@type":"EntryPoint","urlTemplate":"https:\/\/www.alphameditalia.com\/store\/?s={search_term_string}"},"query-input":{"@type":"PropertyValueSpecification","valueRequired":true,"valueName":"search_term_string"}}],"inLanguage":"it-IT"}]}},"_links":{"self":[{"href":"https:\/\/www.alphameditalia.com\/store\/wp-json\/wp\/v2\/product\/7779","targetHints":{"allow":["GET"]}}],"collection":[{"href":"https:\/\/www.alphameditalia.com\/store\/wp-json\/wp\/v2\/product"}],"about":[{"href":"https:\/\/www.alphameditalia.com\/store\/wp-json\/wp\/v2\/types\/product"}],"wp:featuredmedia":[{"embeddable":true,"href":"https:\/\/www.alphameditalia.com\/store\/wp-json\/wp\/v2\/media\/7781"}],"wp:attachment":[{"href":"https:\/\/www.alphameditalia.com\/store\/wp-json\/wp\/v2\/media?parent=7779"}],"wp:term":[{"taxonomy":"product_cat","embeddable":true,"href":"https:\/\/www.alphameditalia.com\/store\/wp-json\/wp\/v2\/product_cat?post=7779"},{"taxonomy":"product_tag","embeddable":true,"href":"https:\/\/www.alphameditalia.com\/store\/wp-json\/wp\/v2\/product_tag?post=7779"},{"taxonomy":"product_folder","embeddable":true,"href":"https:\/\/www.alphameditalia.com\/store\/wp-json\/wp\/v2\/product_folder?post=7779"}],"curies":[{"name":"wp","href":"https:\/\/api.w.org\/{rel}","templated":true}]}}