{"id":7631,"date":"2020-09-23T11:18:57","date_gmt":"2020-09-23T09:18:57","guid":{"rendered":"https:\/\/www.alphameditalia.com\/store\/?post_type=product&#038;p=7631"},"modified":"2025-02-27T09:08:48","modified_gmt":"2025-02-27T08:08:48","slug":"cp054-crema-ossido-di-zinco-250-ml","status":"publish","type":"product","link":"https:\/\/www.alphameditalia.com\/store\/product\/cp054-crema-ossido-di-zinco-250-ml\/","title":{"rendered":"CP054 Crema Ossido di Zinco 250 ml"},"content":{"rendered":"","protected":false},"excerpt":{"rendered":"<p><strong><span style=\"color: #800000;\">PREZZO PARTICOLARE CON DISPONIBILITA&#8217; LIMITATA&#8217; ALLO STOCK DI MAGAZZINO. IL CARRELLO IN\u00a0 AUTOMATICO DARA&#8217; DISPONIBILE L&#8217;INSERIMENTO DEL PRODOTTO CON LA QUANTITA&#8217; DISPONIBILE IN MAGAZZINO.\u00a0<\/span><\/strong><\/p>\n<p><strong><span style=\"color: #800000;\">TUTTA LA LINEA CREME E OLI VERRA&#8217; SOSTITUITA DALLA LINEA ALPHAMED ITALIA HDP HIGH DEEP PERFORMANCE.<\/span><\/strong><\/p>\n<p>Particolarmente indicata per pelli delicate e sensibili. Grazie all\u2019azione lenitiva ed emolliente dell\u2019olio di Mandorle e di Jojoba aiuta a mantenere in buono stato la pelle e a prevenire le irritazioni. Ossido di zinco all\u20198%.<\/p>\n<p style=\"font-weight: 400;\">Facilmente spalmabile, ha un elevato potere coprente. Indicata per la protezione e il trattamento della pelle arrossata, irritata e soggetta a sfregamento da agenti esterni. Modo d\u2019uso: dopo aver pulito e asciugato la zona interessata applicare una piccola quantit\u00e0 di crema massaggiando delicatamente. Pu\u00f2 essere usata pi\u00f9 volte al giorno. Uso esterno.<\/p>\n<p style=\"font-weight: 400;\"><em>Ingredienti: Aqua (Water), Ethylhexyl Stearate, Zinc Oxide, Isononyl Isononanoate, Prunus Amygdalus Dulcis Oil (Prunus Amygdalus Dulcis (Sweet Almond) Oil), Glycerin, Peg-100 Stearate, Glyceryl Stearate, Cetearyl Alcohol, Simmondsia Chinensis Seed Oil (Simmondsia Chinensis (Jojoba) Seed Oil), Hydrogenated Lanolin, Phenoxyethanol, Dimethicone, Ethylhexylglycerin, Sodium Dehydroacetate, Xanthan Gum, Calendula Ocinalis Flower Extract, Bht, Disodium Edta<\/em><\/p>\n<p style=\"font-weight: 400;\">0% PARABENI \u2013 0% OLI MINERALI<\/p>\n<p style=\"font-weight: 400;\">\n","protected":false},"featured_media":7632,"template":"","meta":{"_exactmetrics_skip_tracking":false,"_exactmetrics_sitenote_active":false,"_exactmetrics_sitenote_note":"","_exactmetrics_sitenote_category":0},"product_cat":[859],"product_tag":[],"product_folder":[],"class_list":{"0":"post-7631","1":"product","2":"type-product","3":"status-publish","4":"has-post-thumbnail","6":"product_cat-sales-occasioni-imperdibili","7":"product_shipping_class-standard-5gg","9":"first","10":"instock","11":"taxable","12":"shipping-taxable","13":"purchasable","14":"product-type-simple"},"yoast_head":"<!-- This site is optimized with the Yoast SEO plugin v25.5 - https:\/\/yoast.com\/wordpress\/plugins\/seo\/ -->\n<title>CP054 Crema Ossido di Zinco 250 ml - Alphamed Store<\/title>\n<meta name=\"description\" content=\"CP054 Crema Ossido di Zinco 250 ml\" \/>\n<meta name=\"robots\" content=\"index, follow, max-snippet:-1, max-image-preview:large, max-video-preview:-1\" \/>\n<link rel=\"canonical\" href=\"https:\/\/www.alphameditalia.com\/store\/product\/cp054-crema-ossido-di-zinco-250-ml\/\" \/>\n<meta property=\"og:locale\" content=\"it_IT\" \/>\n<meta property=\"og:type\" content=\"article\" \/>\n<meta property=\"og:title\" content=\"CP054 Crema Ossido di Zinco 250 ml - Alphamed Store\" \/>\n<meta property=\"og:description\" content=\"CP054 Crema Ossido di Zinco 250 ml\" \/>\n<meta property=\"og:url\" content=\"https:\/\/www.alphameditalia.com\/store\/product\/cp054-crema-ossido-di-zinco-250-ml\/\" \/>\n<meta property=\"og:site_name\" content=\"Alphamed Store\" \/>\n<meta property=\"article:modified_time\" content=\"2025-02-27T08:08:48+00:00\" \/>\n<meta property=\"og:image\" content=\"https:\/\/www.alphameditalia.com\/store\/wp-content\/uploads\/2020\/09\/CP054-Crema-Ossido-di-Zinco-250-ml.jpg\" \/>\n\t<meta property=\"og:image:width\" content=\"900\" \/>\n\t<meta property=\"og:image:height\" content=\"900\" \/>\n\t<meta property=\"og:image:type\" content=\"image\/jpeg\" \/>\n<meta name=\"twitter:card\" content=\"summary_large_image\" \/>\n<meta name=\"twitter:label1\" content=\"Tempo di lettura stimato\" \/>\n\t<meta name=\"twitter:data1\" content=\"1 minuto\" \/>\n<script type=\"application\/ld+json\" class=\"yoast-schema-graph\">{\"@context\":\"https:\/\/schema.org\",\"@graph\":[{\"@type\":\"WebPage\",\"@id\":\"https:\/\/www.alphameditalia.com\/store\/product\/cp054-crema-ossido-di-zinco-250-ml\/\",\"url\":\"https:\/\/www.alphameditalia.com\/store\/product\/cp054-crema-ossido-di-zinco-250-ml\/\",\"name\":\"CP054 Crema Ossido di Zinco 250 ml - Alphamed Store\",\"isPartOf\":{\"@id\":\"https:\/\/www.alphameditalia.com\/store\/#website\"},\"primaryImageOfPage\":{\"@id\":\"https:\/\/www.alphameditalia.com\/store\/product\/cp054-crema-ossido-di-zinco-250-ml\/#primaryimage\"},\"image\":{\"@id\":\"https:\/\/www.alphameditalia.com\/store\/product\/cp054-crema-ossido-di-zinco-250-ml\/#primaryimage\"},\"thumbnailUrl\":\"https:\/\/www.alphameditalia.com\/store\/wp-content\/uploads\/2020\/09\/CP054-Crema-Ossido-di-Zinco-250-ml.jpg\",\"datePublished\":\"2020-09-23T09:18:57+00:00\",\"dateModified\":\"2025-02-27T08:08:48+00:00\",\"description\":\"CP054 Crema Ossido di Zinco 250 ml\",\"breadcrumb\":{\"@id\":\"https:\/\/www.alphameditalia.com\/store\/product\/cp054-crema-ossido-di-zinco-250-ml\/#breadcrumb\"},\"inLanguage\":\"it-IT\",\"potentialAction\":[{\"@type\":\"ReadAction\",\"target\":[\"https:\/\/www.alphameditalia.com\/store\/product\/cp054-crema-ossido-di-zinco-250-ml\/\"]}]},{\"@type\":\"ImageObject\",\"inLanguage\":\"it-IT\",\"@id\":\"https:\/\/www.alphameditalia.com\/store\/product\/cp054-crema-ossido-di-zinco-250-ml\/#primaryimage\",\"url\":\"https:\/\/www.alphameditalia.com\/store\/wp-content\/uploads\/2020\/09\/CP054-Crema-Ossido-di-Zinco-250-ml.jpg\",\"contentUrl\":\"https:\/\/www.alphameditalia.com\/store\/wp-content\/uploads\/2020\/09\/CP054-Crema-Ossido-di-Zinco-250-ml.jpg\",\"width\":900,\"height\":900},{\"@type\":\"BreadcrumbList\",\"@id\":\"https:\/\/www.alphameditalia.com\/store\/product\/cp054-crema-ossido-di-zinco-250-ml\/#breadcrumb\",\"itemListElement\":[{\"@type\":\"ListItem\",\"position\":1,\"name\":\"Home\",\"item\":\"https:\/\/www.alphameditalia.com\/store\/\"},{\"@type\":\"ListItem\",\"position\":2,\"name\":\"Prodotti\",\"item\":\"https:\/\/www.alphameditalia.com\/store\/shop\/\"},{\"@type\":\"ListItem\",\"position\":3,\"name\":\"CP054 Crema Ossido di Zinco 250 ml\"}]},{\"@type\":\"WebSite\",\"@id\":\"https:\/\/www.alphameditalia.com\/store\/#website\",\"url\":\"https:\/\/www.alphameditalia.com\/store\/\",\"name\":\"Alphamed Store\",\"description\":\"\",\"potentialAction\":[{\"@type\":\"SearchAction\",\"target\":{\"@type\":\"EntryPoint\",\"urlTemplate\":\"https:\/\/www.alphameditalia.com\/store\/?s={search_term_string}\"},\"query-input\":{\"@type\":\"PropertyValueSpecification\",\"valueRequired\":true,\"valueName\":\"search_term_string\"}}],\"inLanguage\":\"it-IT\"}]}<\/script>\n<!-- \/ Yoast SEO plugin. -->","yoast_head_json":{"title":"CP054 Crema Ossido di Zinco 250 ml - Alphamed Store","description":"CP054 Crema Ossido di Zinco 250 ml","robots":{"index":"index","follow":"follow","max-snippet":"max-snippet:-1","max-image-preview":"max-image-preview:large","max-video-preview":"max-video-preview:-1"},"canonical":"https:\/\/www.alphameditalia.com\/store\/product\/cp054-crema-ossido-di-zinco-250-ml\/","og_locale":"it_IT","og_type":"article","og_title":"CP054 Crema Ossido di Zinco 250 ml - Alphamed Store","og_description":"CP054 Crema Ossido di Zinco 250 ml","og_url":"https:\/\/www.alphameditalia.com\/store\/product\/cp054-crema-ossido-di-zinco-250-ml\/","og_site_name":"Alphamed Store","article_modified_time":"2025-02-27T08:08:48+00:00","og_image":[{"width":900,"height":900,"url":"https:\/\/www.alphameditalia.com\/store\/wp-content\/uploads\/2020\/09\/CP054-Crema-Ossido-di-Zinco-250-ml.jpg","type":"image\/jpeg"}],"twitter_card":"summary_large_image","twitter_misc":{"Tempo di lettura stimato":"1 minuto"},"schema":{"@context":"https:\/\/schema.org","@graph":[{"@type":"WebPage","@id":"https:\/\/www.alphameditalia.com\/store\/product\/cp054-crema-ossido-di-zinco-250-ml\/","url":"https:\/\/www.alphameditalia.com\/store\/product\/cp054-crema-ossido-di-zinco-250-ml\/","name":"CP054 Crema Ossido di Zinco 250 ml - Alphamed Store","isPartOf":{"@id":"https:\/\/www.alphameditalia.com\/store\/#website"},"primaryImageOfPage":{"@id":"https:\/\/www.alphameditalia.com\/store\/product\/cp054-crema-ossido-di-zinco-250-ml\/#primaryimage"},"image":{"@id":"https:\/\/www.alphameditalia.com\/store\/product\/cp054-crema-ossido-di-zinco-250-ml\/#primaryimage"},"thumbnailUrl":"https:\/\/www.alphameditalia.com\/store\/wp-content\/uploads\/2020\/09\/CP054-Crema-Ossido-di-Zinco-250-ml.jpg","datePublished":"2020-09-23T09:18:57+00:00","dateModified":"2025-02-27T08:08:48+00:00","description":"CP054 Crema Ossido di Zinco 250 ml","breadcrumb":{"@id":"https:\/\/www.alphameditalia.com\/store\/product\/cp054-crema-ossido-di-zinco-250-ml\/#breadcrumb"},"inLanguage":"it-IT","potentialAction":[{"@type":"ReadAction","target":["https:\/\/www.alphameditalia.com\/store\/product\/cp054-crema-ossido-di-zinco-250-ml\/"]}]},{"@type":"ImageObject","inLanguage":"it-IT","@id":"https:\/\/www.alphameditalia.com\/store\/product\/cp054-crema-ossido-di-zinco-250-ml\/#primaryimage","url":"https:\/\/www.alphameditalia.com\/store\/wp-content\/uploads\/2020\/09\/CP054-Crema-Ossido-di-Zinco-250-ml.jpg","contentUrl":"https:\/\/www.alphameditalia.com\/store\/wp-content\/uploads\/2020\/09\/CP054-Crema-Ossido-di-Zinco-250-ml.jpg","width":900,"height":900},{"@type":"BreadcrumbList","@id":"https:\/\/www.alphameditalia.com\/store\/product\/cp054-crema-ossido-di-zinco-250-ml\/#breadcrumb","itemListElement":[{"@type":"ListItem","position":1,"name":"Home","item":"https:\/\/www.alphameditalia.com\/store\/"},{"@type":"ListItem","position":2,"name":"Prodotti","item":"https:\/\/www.alphameditalia.com\/store\/shop\/"},{"@type":"ListItem","position":3,"name":"CP054 Crema Ossido di Zinco 250 ml"}]},{"@type":"WebSite","@id":"https:\/\/www.alphameditalia.com\/store\/#website","url":"https:\/\/www.alphameditalia.com\/store\/","name":"Alphamed Store","description":"","potentialAction":[{"@type":"SearchAction","target":{"@type":"EntryPoint","urlTemplate":"https:\/\/www.alphameditalia.com\/store\/?s={search_term_string}"},"query-input":{"@type":"PropertyValueSpecification","valueRequired":true,"valueName":"search_term_string"}}],"inLanguage":"it-IT"}]}},"_links":{"self":[{"href":"https:\/\/www.alphameditalia.com\/store\/wp-json\/wp\/v2\/product\/7631","targetHints":{"allow":["GET"]}}],"collection":[{"href":"https:\/\/www.alphameditalia.com\/store\/wp-json\/wp\/v2\/product"}],"about":[{"href":"https:\/\/www.alphameditalia.com\/store\/wp-json\/wp\/v2\/types\/product"}],"wp:featuredmedia":[{"embeddable":true,"href":"https:\/\/www.alphameditalia.com\/store\/wp-json\/wp\/v2\/media\/7632"}],"wp:attachment":[{"href":"https:\/\/www.alphameditalia.com\/store\/wp-json\/wp\/v2\/media?parent=7631"}],"wp:term":[{"taxonomy":"product_cat","embeddable":true,"href":"https:\/\/www.alphameditalia.com\/store\/wp-json\/wp\/v2\/product_cat?post=7631"},{"taxonomy":"product_tag","embeddable":true,"href":"https:\/\/www.alphameditalia.com\/store\/wp-json\/wp\/v2\/product_tag?post=7631"},{"taxonomy":"product_folder","embeddable":true,"href":"https:\/\/www.alphameditalia.com\/store\/wp-json\/wp\/v2\/product_folder?post=7631"}],"curies":[{"name":"wp","href":"https:\/\/api.w.org\/{rel}","templated":true}]}}