{"id":5968,"date":"2020-08-25T11:54:16","date_gmt":"2020-08-25T09:54:16","guid":{"rendered":"https:\/\/www.alphameditalia.com\/store\/?post_type=product&#038;p=5968"},"modified":"2024-04-29T14:16:29","modified_gmt":"2024-04-29T12:16:29","slug":"trx-walker-evo","status":"publish","type":"product","link":"https:\/\/www.alphameditalia.com\/store\/product\/trx-walker-evo\/","title":{"rendered":"RKE001 TRX WALKER EVO"},"content":{"rendered":"<div class=\"page\" title=\"Page 111\">\n<div class=\"layoutArea\">\n<div class=\"column\">\n<p>Motore 2\/3 (Peak) HP DC &#8211; Velocita\u0300 0,4 &#8211; 8,0 Km\/h con incremento di 0,1 km\/h Inclinazione manuale su 3<\/p>\n<p>livelli (corrimani removibili)- Programmi 1 libero, 12 presettati, target: tempo, distanza, calorie<br \/>\nPeso massimo utilizzatore 110 Kg &#8211; Sistema di ammortizzazione piano di corsa su 6 elastomeri<br \/>\nPiano di corsa 430 x 1270 mm &#8211; spessore nastro 1,6 mm &#8211; Diametro dei rulli anteriore \u00f846 mm &#8211; posteriore \u00f842 mm Peso del prodotto 58 Kg &#8211; Dimensioni aperto 1635 x 700 x 1315 mm<br \/>\nDimensioni chiuso 1130 x 715 x 1400 (con corrimani smontati) Struttura pre-assemblato, nr. 2 ruote di trasporto &#8211; Peso del prodotto imballato 68 Kg Dimensioni imballo 1690 x 760 x 290 mm<br \/>\nCertificazioni CE-ROHS-EN957 Garanzia 2 anni<\/p>\n<p>Informazioni fornite dalla console<\/p>\n<p>velocita\u0300 &#8211; frequenza cardiaca &#8211; distanza &#8211; tempo &#8211; consumo calorico &#8211; programma in esecuzione<\/p>\n<p>Descrizione funzioni console<\/p>\n<p>display LCD 113&#215;63 mm retro-illuminato blue backlight sistema rilevazione frequenza cardiaca tramite hand-pulse comandi velocita\u0300 e start\/stop su corrimano tasti scelta rapida velocita\u0300: 1-2-3-4-5-6-7-8 Km\/h console con supporto per smartphone \/ tablet cintura di supporto lombare regolabile con velcro e moschettoni in dotazione<\/p>\n<\/div>\n<\/div>\n<\/div>\n","protected":false},"excerpt":{"rendered":"<div class=\"page\" title=\"Page 110\">\n<div class=\"layoutArea\">\n<div class=\"column\">\n<p>&nbsp;<\/p>\n<p style=\"font-weight: 400;\">Tapis roulant\u00a0<strong>Toorx TRX-Walker EVO<\/strong>\u00a0\u00e8 il camminatore ideale per la riabilitazione o per persone con difficolt\u00e0 di deambulazione grazie ai comodi maniglioni e una struttura molto robusta e versatile; supporta un\u00a0<strong>peso massimo utente di 110 Kg<\/strong>.<\/p>\n<p style=\"font-weight: 400;\">Toorx\u00a0<strong>TRX Walker EVO<\/strong>\u00a0dispone di un\u00a0<strong>motore da 2 HP<\/strong>\u00a0di continuo e un picco massimo di 3HP, parte da una v<strong>elocit\u00e0 minima di 0,4 km\/h<\/strong>\u00a0fino a raggiungere un\u00a0<strong>massimo di 8 km\/h<\/strong>, con incrementi di 0,1 Km\/h.<\/p>\n<p style=\"font-weight: 400;\">Il\u00a0<strong>nastro<\/strong>\u00a0ha una superficie di\u00a0<strong>43 x 127 cm con uno spessore di 1,6 mm<\/strong>\u00a0ed \u00e8 ben ammortizzata grazie a 6 elastomeri.<\/p>\n<p style=\"font-weight: 400;\">Il tapis roulant TRX Walker EVO \u00e8 caratterizzato da una<strong>\u00a0inclinazione manuale su 3 livelli<\/strong>, selezionabili solo quando i corrimano non sono installati.<\/p>\n<p style=\"font-weight: 400;\">La console ha un pratico\u00a0<strong>display retroilluminato blue blacklight<\/strong>\u00a0(113 x 63 mm) dove \u00e8 sempre possibile monitorare: tempo, la distanza, la velocit\u00e0, le calorie e le pulsazioni, rilevate tramite gli appositi sensori manuali Hand Pulse.<\/p>\n<p style=\"font-weight: 400;\">In memoria troviamo\u00a0<strong>12 programmi preimpostati<\/strong>\u00a0a variazione automatica della velocit\u00e0 oltre al pratico programma manuale.<\/p>\n<p style=\"font-weight: 400;\">Il tapis roulant TRX-Walker EVO \u00e8 dotato anche di comodi comandi sul corrimano.<\/p>\n<p style=\"font-weight: 400;\">Questo\u00a0<strong>tapis roulant \u00e8 pre assemblato<\/strong>, una volta estratto dall&#8217;imballo, \u00e8 necessario montare i carter copri motore, i montanti e i poggia mani ed \u00e8 gi\u00e0 pronto all&#8217;uso.<br \/>\nCorrimano amovibili.<br \/>\nCompletano la dotazione la cintura di supporto lombare regolabile con velcro e moschettoni e due pratiche ruote per il trasporto.<\/p>\n<p style=\"font-weight: 400;\"><strong>Certificazione CE-ROHS-EN957<\/strong><br \/>\n<strong>Garanzia<\/strong>: 2 anni di legge<\/p>\n<p>Prezzo di listino \u20ac 719,00 + Iva<\/p>\n<\/div>\n<\/div>\n<\/div>\n","protected":false},"featured_media":5973,"template":"","meta":{"_exactmetrics_skip_tracking":false,"_exactmetrics_sitenote_active":false,"_exactmetrics_sitenote_note":"","_exactmetrics_sitenote_category":0},"product_cat":[775],"product_tag":[],"product_folder":[],"class_list":{"0":"post-5968","1":"product","2":"type-product","3":"status-publish","4":"has-post-thumbnail","6":"product_cat-linea-cardio-home-fitness","7":"product_shipping_class-standard-30gg","9":"first","10":"outofstock","11":"taxable","12":"shipping-taxable","13":"purchasable","14":"product-type-simple"},"yoast_head":"<!-- This site is optimized with the Yoast SEO plugin v25.5 - https:\/\/yoast.com\/wordpress\/plugins\/seo\/ -->\n<title>RKE001 TRX WALKER EVO - Alphamed Store<\/title>\n<meta name=\"description\" content=\"RKE001\" \/>\n<meta name=\"robots\" content=\"index, follow, max-snippet:-1, max-image-preview:large, max-video-preview:-1\" \/>\n<link rel=\"canonical\" href=\"https:\/\/www.alphameditalia.com\/store\/product\/trx-walker-evo\/\" \/>\n<meta property=\"og:locale\" content=\"it_IT\" \/>\n<meta property=\"og:type\" content=\"article\" \/>\n<meta property=\"og:title\" content=\"RKE001 TRX WALKER EVO - Alphamed Store\" \/>\n<meta property=\"og:description\" content=\"RKE001\" \/>\n<meta property=\"og:url\" content=\"https:\/\/www.alphameditalia.com\/store\/product\/trx-walker-evo\/\" \/>\n<meta property=\"og:site_name\" content=\"Alphamed Store\" \/>\n<meta property=\"article:modified_time\" content=\"2024-04-29T12:16:29+00:00\" \/>\n<meta property=\"og:image\" content=\"https:\/\/www.alphameditalia.com\/store\/wp-content\/uploads\/2020\/08\/TRX-WALKER-EVO.png\" \/>\n\t<meta property=\"og:image:width\" content=\"3780\" \/>\n\t<meta property=\"og:image:height\" content=\"2948\" \/>\n\t<meta property=\"og:image:type\" content=\"image\/png\" \/>\n<meta name=\"twitter:card\" content=\"summary_large_image\" \/>\n<meta name=\"twitter:label1\" content=\"Tempo di lettura stimato\" \/>\n\t<meta name=\"twitter:data1\" content=\"2 minuti\" \/>\n<script type=\"application\/ld+json\" class=\"yoast-schema-graph\">{\"@context\":\"https:\/\/schema.org\",\"@graph\":[{\"@type\":\"WebPage\",\"@id\":\"https:\/\/www.alphameditalia.com\/store\/product\/trx-walker-evo\/\",\"url\":\"https:\/\/www.alphameditalia.com\/store\/product\/trx-walker-evo\/\",\"name\":\"RKE001 TRX WALKER EVO - Alphamed Store\",\"isPartOf\":{\"@id\":\"https:\/\/www.alphameditalia.com\/store\/#website\"},\"primaryImageOfPage\":{\"@id\":\"https:\/\/www.alphameditalia.com\/store\/product\/trx-walker-evo\/#primaryimage\"},\"image\":{\"@id\":\"https:\/\/www.alphameditalia.com\/store\/product\/trx-walker-evo\/#primaryimage\"},\"thumbnailUrl\":\"https:\/\/www.alphameditalia.com\/store\/wp-content\/uploads\/2020\/08\/TRX-WALKER-EVO.png\",\"datePublished\":\"2020-08-25T09:54:16+00:00\",\"dateModified\":\"2024-04-29T12:16:29+00:00\",\"description\":\"RKE001\",\"breadcrumb\":{\"@id\":\"https:\/\/www.alphameditalia.com\/store\/product\/trx-walker-evo\/#breadcrumb\"},\"inLanguage\":\"it-IT\",\"potentialAction\":[{\"@type\":\"ReadAction\",\"target\":[\"https:\/\/www.alphameditalia.com\/store\/product\/trx-walker-evo\/\"]}]},{\"@type\":\"ImageObject\",\"inLanguage\":\"it-IT\",\"@id\":\"https:\/\/www.alphameditalia.com\/store\/product\/trx-walker-evo\/#primaryimage\",\"url\":\"https:\/\/www.alphameditalia.com\/store\/wp-content\/uploads\/2020\/08\/TRX-WALKER-EVO.png\",\"contentUrl\":\"https:\/\/www.alphameditalia.com\/store\/wp-content\/uploads\/2020\/08\/TRX-WALKER-EVO.png\",\"width\":3780,\"height\":2948},{\"@type\":\"BreadcrumbList\",\"@id\":\"https:\/\/www.alphameditalia.com\/store\/product\/trx-walker-evo\/#breadcrumb\",\"itemListElement\":[{\"@type\":\"ListItem\",\"position\":1,\"name\":\"Home\",\"item\":\"https:\/\/www.alphameditalia.com\/store\/\"},{\"@type\":\"ListItem\",\"position\":2,\"name\":\"Prodotti\",\"item\":\"https:\/\/www.alphameditalia.com\/store\/shop\/\"},{\"@type\":\"ListItem\",\"position\":3,\"name\":\"RKE001 TRX WALKER EVO\"}]},{\"@type\":\"WebSite\",\"@id\":\"https:\/\/www.alphameditalia.com\/store\/#website\",\"url\":\"https:\/\/www.alphameditalia.com\/store\/\",\"name\":\"Alphamed Store\",\"description\":\"\",\"potentialAction\":[{\"@type\":\"SearchAction\",\"target\":{\"@type\":\"EntryPoint\",\"urlTemplate\":\"https:\/\/www.alphameditalia.com\/store\/?s={search_term_string}\"},\"query-input\":{\"@type\":\"PropertyValueSpecification\",\"valueRequired\":true,\"valueName\":\"search_term_string\"}}],\"inLanguage\":\"it-IT\"}]}<\/script>\n<!-- \/ Yoast SEO plugin. -->","yoast_head_json":{"title":"RKE001 TRX WALKER EVO - Alphamed Store","description":"RKE001","robots":{"index":"index","follow":"follow","max-snippet":"max-snippet:-1","max-image-preview":"max-image-preview:large","max-video-preview":"max-video-preview:-1"},"canonical":"https:\/\/www.alphameditalia.com\/store\/product\/trx-walker-evo\/","og_locale":"it_IT","og_type":"article","og_title":"RKE001 TRX WALKER EVO - Alphamed Store","og_description":"RKE001","og_url":"https:\/\/www.alphameditalia.com\/store\/product\/trx-walker-evo\/","og_site_name":"Alphamed Store","article_modified_time":"2024-04-29T12:16:29+00:00","og_image":[{"width":3780,"height":2948,"url":"https:\/\/www.alphameditalia.com\/store\/wp-content\/uploads\/2020\/08\/TRX-WALKER-EVO.png","type":"image\/png"}],"twitter_card":"summary_large_image","twitter_misc":{"Tempo di lettura stimato":"2 minuti"},"schema":{"@context":"https:\/\/schema.org","@graph":[{"@type":"WebPage","@id":"https:\/\/www.alphameditalia.com\/store\/product\/trx-walker-evo\/","url":"https:\/\/www.alphameditalia.com\/store\/product\/trx-walker-evo\/","name":"RKE001 TRX WALKER EVO - Alphamed Store","isPartOf":{"@id":"https:\/\/www.alphameditalia.com\/store\/#website"},"primaryImageOfPage":{"@id":"https:\/\/www.alphameditalia.com\/store\/product\/trx-walker-evo\/#primaryimage"},"image":{"@id":"https:\/\/www.alphameditalia.com\/store\/product\/trx-walker-evo\/#primaryimage"},"thumbnailUrl":"https:\/\/www.alphameditalia.com\/store\/wp-content\/uploads\/2020\/08\/TRX-WALKER-EVO.png","datePublished":"2020-08-25T09:54:16+00:00","dateModified":"2024-04-29T12:16:29+00:00","description":"RKE001","breadcrumb":{"@id":"https:\/\/www.alphameditalia.com\/store\/product\/trx-walker-evo\/#breadcrumb"},"inLanguage":"it-IT","potentialAction":[{"@type":"ReadAction","target":["https:\/\/www.alphameditalia.com\/store\/product\/trx-walker-evo\/"]}]},{"@type":"ImageObject","inLanguage":"it-IT","@id":"https:\/\/www.alphameditalia.com\/store\/product\/trx-walker-evo\/#primaryimage","url":"https:\/\/www.alphameditalia.com\/store\/wp-content\/uploads\/2020\/08\/TRX-WALKER-EVO.png","contentUrl":"https:\/\/www.alphameditalia.com\/store\/wp-content\/uploads\/2020\/08\/TRX-WALKER-EVO.png","width":3780,"height":2948},{"@type":"BreadcrumbList","@id":"https:\/\/www.alphameditalia.com\/store\/product\/trx-walker-evo\/#breadcrumb","itemListElement":[{"@type":"ListItem","position":1,"name":"Home","item":"https:\/\/www.alphameditalia.com\/store\/"},{"@type":"ListItem","position":2,"name":"Prodotti","item":"https:\/\/www.alphameditalia.com\/store\/shop\/"},{"@type":"ListItem","position":3,"name":"RKE001 TRX WALKER EVO"}]},{"@type":"WebSite","@id":"https:\/\/www.alphameditalia.com\/store\/#website","url":"https:\/\/www.alphameditalia.com\/store\/","name":"Alphamed Store","description":"","potentialAction":[{"@type":"SearchAction","target":{"@type":"EntryPoint","urlTemplate":"https:\/\/www.alphameditalia.com\/store\/?s={search_term_string}"},"query-input":{"@type":"PropertyValueSpecification","valueRequired":true,"valueName":"search_term_string"}}],"inLanguage":"it-IT"}]}},"_links":{"self":[{"href":"https:\/\/www.alphameditalia.com\/store\/wp-json\/wp\/v2\/product\/5968","targetHints":{"allow":["GET"]}}],"collection":[{"href":"https:\/\/www.alphameditalia.com\/store\/wp-json\/wp\/v2\/product"}],"about":[{"href":"https:\/\/www.alphameditalia.com\/store\/wp-json\/wp\/v2\/types\/product"}],"wp:featuredmedia":[{"embeddable":true,"href":"https:\/\/www.alphameditalia.com\/store\/wp-json\/wp\/v2\/media\/5973"}],"wp:attachment":[{"href":"https:\/\/www.alphameditalia.com\/store\/wp-json\/wp\/v2\/media?parent=5968"}],"wp:term":[{"taxonomy":"product_cat","embeddable":true,"href":"https:\/\/www.alphameditalia.com\/store\/wp-json\/wp\/v2\/product_cat?post=5968"},{"taxonomy":"product_tag","embeddable":true,"href":"https:\/\/www.alphameditalia.com\/store\/wp-json\/wp\/v2\/product_tag?post=5968"},{"taxonomy":"product_folder","embeddable":true,"href":"https:\/\/www.alphameditalia.com\/store\/wp-json\/wp\/v2\/product_folder?post=5968"}],"curies":[{"name":"wp","href":"https:\/\/api.w.org\/{rel}","templated":true}]}}