{"id":5349,"date":"2020-03-05T09:34:03","date_gmt":"2020-03-05T08:34:03","guid":{"rendered":"https:\/\/www.alphameditalia.com\/store\/?post_type=product&#038;p=5349"},"modified":"2021-03-18T22:39:11","modified_gmt":"2021-03-18T21:39:11","slug":"mu001-human-tecar-hcr-1002-completa-di-accessori-standard","status":"publish","type":"product","link":"https:\/\/www.alphameditalia.com\/store\/product\/mu001-human-tecar-hcr-1002-completa-di-accessori-standard\/","title":{"rendered":"MU001 Human Tecar HCR 1002 completa di accessori standard"},"content":{"rendered":"<table style=\"border-collapse: collapse; width: 100%;\">\n<tbody>\n<tr>\n<td style=\"width: 47.1944%;\">\n<p style=\"text-align: left;\"><span style=\"font-size: 8pt; font-family: Helvetica;\">ACCESSORI STANDARD HUMAN TECAR HCR 1002<\/span><\/p>\n<ul>\n<li style=\"text-align: left;\"><span style=\"font-size: 8pt; font-family: Helvetica;\">AU009 1 manipolo capacitivo ad ansa connessione 120\u00b0<\/span><\/li>\n<li style=\"text-align: left;\"><span style=\"font-size: 8pt; font-family: Helvetica;\">AU011 1 manipolo capacitivo a penna connessione 120\u00b0<\/span><\/li>\n<li style=\"text-align: left;\"><span style=\"font-size: 8pt; font-family: Helvetica;\">AU012 1 manipolo resistivo ad ansa<\/span><\/li>\n<li style=\"text-align: left;\"><span style=\"font-size: 8pt; font-family: Helvetica;\">AU013 1 manipolo resistivo a penna<\/span><\/li>\n<li style=\"text-align: left;\"><span style=\"font-size: 8pt; font-family: Helvetica;\">AU014 1 elettrodo alta imped. CAP piano termod. diam 30<\/span><\/li>\n<li style=\"text-align: left;\"><span style=\"font-size: 8pt; font-family: Helvetica;\">AU015 1 elettrodo alta imped. CAP piano termod. diam 40<\/span><\/li>\n<li style=\"text-align: left;\"><span style=\"font-size: 8pt; font-family: Helvetica;\">AU016 1 elettrodo alta imped. CAP piano termod. diam 55<\/span><\/li>\n<li style=\"text-align: left;\"><span style=\"font-size: 8pt; font-family: Helvetica;\">AU017 1 elettrodo alta imped. CAP piano termod. diam 65<\/span><\/li>\n<li style=\"text-align: left;\"><span style=\"font-size: 8pt; font-family: Helvetica;\">AU018 1 elettrodo alta imped. CAP piano termod. diam 78<\/span><\/li>\n<li style=\"text-align: left;\"><span style=\"font-size: 8pt;\">AU019 1 elettrodo alta imped. CAP convesso termod. diam 30<\/span><\/li>\n<li style=\"text-align: left;\"><span style=\"font-size: 8pt;\">AU020 1 elettrodo alta imped. CAP convesso termod. diam 4<\/span><\/li>\n<li style=\"text-align: left;\"><span style=\"font-size: 8pt;\">AU022 1 elettrodo alta imped. CAP convesso termod. diam 55<\/span><\/li>\n<\/ul>\n<\/td>\n<td style=\"width: 52.8056%;\">\n<ul>\n<li style=\"text-align: left;\"><span style=\"font-size: 8pt; font-family: Helvetica;\">AU021 1 elettrodo alta imped. CAP convesso termod. diam 65<\/span><\/li>\n<li style=\"text-align: left;\"><span style=\"font-size: 8pt;\">AU023 1 elettrodo alta imped. CAP convesso linfodin. diam 40<\/span><\/li>\n<li style=\"text-align: left;\"><span style=\"font-size: 8pt;\">AU024 1 elettrodo alta imped. CAP convesso linfodin. diam 55<\/span><\/li>\n<li style=\"text-align: left;\"><span style=\"font-size: 8pt;\">AU025 1 elettr. alta imped. CAP piano spesso linfodin. viso d. 55<\/span><\/li>\n<li style=\"text-align: left;\"><span style=\"font-size: 8pt;\">AU026 1 elettrodo a bassa impedenza resistivo piano diam 35<\/span><\/li>\n<li style=\"text-align: left;\"><span style=\"font-size: 8pt;\">AU027 1 elettrodo a bassa impedenza resistivo piano diam 50<\/span><\/li>\n<li style=\"text-align: left;\"><span style=\"font-size: 8pt;\">AU028 1 elettrodo a bassa impedenza resistivo piano diam 65<\/span><\/li>\n<li style=\"text-align: left;\"><span style=\"font-size: 8pt;\">AU029 1 elettrodo a bassa impedenza resistivo piano diam 90<\/span><\/li>\n<li style=\"text-align: left;\"><span style=\"font-size: 8pt;\">AU031 1 Piastra acciaio neutro indeformabile con fori per fissaggio fasce<\/span><\/li>\n<li style=\"text-align: left;\"><span style=\"font-size: 8pt;\">AU032 1 Elettrodo indifferente cilindrico<\/span><\/li>\n<li style=\"text-align: left;\"><span style=\"font-size: 8pt;\">AU030 1 telecomando<\/span><\/li>\n<\/ul>\n<\/td>\n<\/tr>\n<\/tbody>\n<\/table>\n<p style=\"text-align: left;\">CARATTERISTICHE TECNICHE<\/p>\n<ul>\n<li style=\"text-align: left;\">Tensione potenza uscita RES 120V\/300W +-10% e +-2W<\/li>\n<li style=\"text-align: left;\">CAP : 600V\/450VA +-10% e +-2W<\/li>\n<li style=\"text-align: left;\">Potenza in entrata 380VA<\/li>\n<li style=\"text-align: left;\">Frequenza di uscita 0,447 MHz +- 0,002 MHz<\/li>\n<li style=\"text-align: left;\">Consumo in stand by 1,1 W<\/li>\n<li style=\"text-align: left;\">Consumo in modalit\u00e0 riposo 12 W<\/li>\n<li style=\"text-align: left;\">Fusibili ingresso 2x T5A H 250V<\/li>\n<li style=\"text-align: left;\">Alimentazione frequenza rete 100 240 V 50-60 Hz<\/li>\n<li style=\"text-align: left;\">Dimensioni \/ Peso L53XP27XH19 cm \/ kg 7,5<\/li>\n<li style=\"text-align: left;\">Radiocomando 2x batterie alcaline GP23A12V<\/li>\n<li style=\"text-align: left;\">Dispositivo medico di classe I tipo BF<\/li>\n<li style=\"text-align: left;\">Garanzia 24 mesi<\/li>\n<\/ul>\n","protected":false},"excerpt":{"rendered":"<p>HCR 1002 di Human Tecar \u00e8 uno stimolatore elettromagnetico della microcircolazione. Agisce attraverso un segnale radio a media frequenza che, applicato per contatto sul tessuto biologico mediante due tipologie specifiche di elettrodi conduttori \u2013 ad alta e bassa impedenza \u2013 consente un\u2019attivazione metabolica del tessuto stesso, stimolando la circolazione sanguigna\/linfatica in aree del corpo pi\u00f9 o meno estese, a seconda che l\u2019obiettivo sia di interessare l\u2019intero organismo o distretti locali, regionali o segmentali. HCR 1002 \u00e8 la nostra tecnologia pi\u00f9 innovativa, frutto di oltre 25 anni di esperienza pratica. Questa nuova categoria di strumenti terapeutici \u00e8 dotata di un generatore di energia ad alta efficienza (high efficiency generator) in grado di garantire maggior efficacia terapeutica, a vantaggio di una drastica riduzione dei tempi di cura.<\/p>\n","protected":false},"featured_media":5344,"template":"","meta":{"_exactmetrics_skip_tracking":false,"_exactmetrics_sitenote_active":false,"_exactmetrics_sitenote_note":"","_exactmetrics_sitenote_category":0},"product_cat":[719,851],"product_tag":[],"product_folder":[728],"class_list":{"0":"post-5349","1":"product","2":"type-product","3":"status-publish","4":"has-post-thumbnail","6":"product_brand-brand-7","7":"product_cat-human-tecar-1002","8":"product_cat-human-tecar-2","10":"first","11":"instock","12":"taxable","13":"shipping-taxable","14":"purchasable","15":"product-type-simple"},"yoast_head":"<!-- This site is optimized with the Yoast SEO plugin v25.5 - https:\/\/yoast.com\/wordpress\/plugins\/seo\/ -->\n<title>MU001 Human Tecar HCR 1002 completa di accessori standard - Alphamed Store<\/title>\n<meta name=\"robots\" content=\"index, follow, max-snippet:-1, max-image-preview:large, max-video-preview:-1\" \/>\n<link rel=\"canonical\" href=\"https:\/\/www.alphameditalia.com\/store\/product\/mu001-human-tecar-hcr-1002-completa-di-accessori-standard\/\" \/>\n<meta property=\"og:locale\" content=\"it_IT\" \/>\n<meta property=\"og:type\" content=\"article\" \/>\n<meta property=\"og:title\" content=\"MU001 Human Tecar HCR 1002 completa di accessori standard - Alphamed Store\" \/>\n<meta property=\"og:description\" content=\"HCR 1002 di Human Tecar \u00e8 uno stimolatore elettromagnetico della microcircolazione. Agisce attraverso un segnale radio a media frequenza che, applicato per contatto sul tessuto biologico mediante due tipologie specifiche di elettrodi conduttori \u2013 ad alta e bassa impedenza \u2013 consente un\u2019attivazione metabolica del tessuto stesso, stimolando la circolazione sanguigna\/linfatica in aree del corpo pi\u00f9 o meno estese, a seconda che l\u2019obiettivo sia di interessare l\u2019intero organismo o distretti locali, regionali o segmentali. HCR 1002 \u00e8 la nostra tecnologia pi\u00f9 innovativa, frutto di oltre 25 anni di esperienza pratica. Questa nuova categoria di strumenti terapeutici \u00e8 dotata di un generatore di energia ad alta efficienza (high efficiency generator) in grado di garantire maggior efficacia terapeutica, a vantaggio di una drastica riduzione dei tempi di cura.\" \/>\n<meta property=\"og:url\" content=\"https:\/\/www.alphameditalia.com\/store\/product\/mu001-human-tecar-hcr-1002-completa-di-accessori-standard\/\" \/>\n<meta property=\"og:site_name\" content=\"Alphamed Store\" \/>\n<meta property=\"article:modified_time\" content=\"2021-03-18T21:39:11+00:00\" \/>\n<meta property=\"og:image\" content=\"https:\/\/www.alphameditalia.com\/store\/wp-content\/uploads\/2020\/03\/HCR-1002.jpg\" \/>\n\t<meta property=\"og:image:width\" content=\"400\" \/>\n\t<meta property=\"og:image:height\" content=\"400\" \/>\n\t<meta property=\"og:image:type\" content=\"image\/jpeg\" \/>\n<meta name=\"twitter:card\" content=\"summary_large_image\" \/>\n<meta name=\"twitter:label1\" content=\"Tempo di lettura stimato\" \/>\n\t<meta name=\"twitter:data1\" content=\"2 minuti\" \/>\n<script type=\"application\/ld+json\" class=\"yoast-schema-graph\">{\"@context\":\"https:\/\/schema.org\",\"@graph\":[{\"@type\":\"WebPage\",\"@id\":\"https:\/\/www.alphameditalia.com\/store\/product\/mu001-human-tecar-hcr-1002-completa-di-accessori-standard\/\",\"url\":\"https:\/\/www.alphameditalia.com\/store\/product\/mu001-human-tecar-hcr-1002-completa-di-accessori-standard\/\",\"name\":\"MU001 Human Tecar HCR 1002 completa di accessori standard - Alphamed Store\",\"isPartOf\":{\"@id\":\"https:\/\/www.alphameditalia.com\/store\/#website\"},\"primaryImageOfPage\":{\"@id\":\"https:\/\/www.alphameditalia.com\/store\/product\/mu001-human-tecar-hcr-1002-completa-di-accessori-standard\/#primaryimage\"},\"image\":{\"@id\":\"https:\/\/www.alphameditalia.com\/store\/product\/mu001-human-tecar-hcr-1002-completa-di-accessori-standard\/#primaryimage\"},\"thumbnailUrl\":\"https:\/\/www.alphameditalia.com\/store\/wp-content\/uploads\/2020\/03\/HCR-1002.jpg\",\"datePublished\":\"2020-03-05T08:34:03+00:00\",\"dateModified\":\"2021-03-18T21:39:11+00:00\",\"breadcrumb\":{\"@id\":\"https:\/\/www.alphameditalia.com\/store\/product\/mu001-human-tecar-hcr-1002-completa-di-accessori-standard\/#breadcrumb\"},\"inLanguage\":\"it-IT\",\"potentialAction\":[{\"@type\":\"ReadAction\",\"target\":[\"https:\/\/www.alphameditalia.com\/store\/product\/mu001-human-tecar-hcr-1002-completa-di-accessori-standard\/\"]}]},{\"@type\":\"ImageObject\",\"inLanguage\":\"it-IT\",\"@id\":\"https:\/\/www.alphameditalia.com\/store\/product\/mu001-human-tecar-hcr-1002-completa-di-accessori-standard\/#primaryimage\",\"url\":\"https:\/\/www.alphameditalia.com\/store\/wp-content\/uploads\/2020\/03\/HCR-1002.jpg\",\"contentUrl\":\"https:\/\/www.alphameditalia.com\/store\/wp-content\/uploads\/2020\/03\/HCR-1002.jpg\",\"width\":400,\"height\":400},{\"@type\":\"BreadcrumbList\",\"@id\":\"https:\/\/www.alphameditalia.com\/store\/product\/mu001-human-tecar-hcr-1002-completa-di-accessori-standard\/#breadcrumb\",\"itemListElement\":[{\"@type\":\"ListItem\",\"position\":1,\"name\":\"Home\",\"item\":\"https:\/\/www.alphameditalia.com\/store\/\"},{\"@type\":\"ListItem\",\"position\":2,\"name\":\"Prodotti\",\"item\":\"https:\/\/www.alphameditalia.com\/store\/shop\/\"},{\"@type\":\"ListItem\",\"position\":3,\"name\":\"MU001 Human Tecar HCR 1002 completa di accessori standard\"}]},{\"@type\":\"WebSite\",\"@id\":\"https:\/\/www.alphameditalia.com\/store\/#website\",\"url\":\"https:\/\/www.alphameditalia.com\/store\/\",\"name\":\"Alphamed Store\",\"description\":\"\",\"potentialAction\":[{\"@type\":\"SearchAction\",\"target\":{\"@type\":\"EntryPoint\",\"urlTemplate\":\"https:\/\/www.alphameditalia.com\/store\/?s={search_term_string}\"},\"query-input\":{\"@type\":\"PropertyValueSpecification\",\"valueRequired\":true,\"valueName\":\"search_term_string\"}}],\"inLanguage\":\"it-IT\"}]}<\/script>\n<!-- \/ Yoast SEO plugin. -->","yoast_head_json":{"title":"MU001 Human Tecar HCR 1002 completa di accessori standard - Alphamed Store","robots":{"index":"index","follow":"follow","max-snippet":"max-snippet:-1","max-image-preview":"max-image-preview:large","max-video-preview":"max-video-preview:-1"},"canonical":"https:\/\/www.alphameditalia.com\/store\/product\/mu001-human-tecar-hcr-1002-completa-di-accessori-standard\/","og_locale":"it_IT","og_type":"article","og_title":"MU001 Human Tecar HCR 1002 completa di accessori standard - Alphamed Store","og_description":"HCR 1002 di Human Tecar \u00e8 uno stimolatore elettromagnetico della microcircolazione. Agisce attraverso un segnale radio a media frequenza che, applicato per contatto sul tessuto biologico mediante due tipologie specifiche di elettrodi conduttori \u2013 ad alta e bassa impedenza \u2013 consente un\u2019attivazione metabolica del tessuto stesso, stimolando la circolazione sanguigna\/linfatica in aree del corpo pi\u00f9 o meno estese, a seconda che l\u2019obiettivo sia di interessare l\u2019intero organismo o distretti locali, regionali o segmentali. HCR 1002 \u00e8 la nostra tecnologia pi\u00f9 innovativa, frutto di oltre 25 anni di esperienza pratica. Questa nuova categoria di strumenti terapeutici \u00e8 dotata di un generatore di energia ad alta efficienza (high efficiency generator) in grado di garantire maggior efficacia terapeutica, a vantaggio di una drastica riduzione dei tempi di cura.","og_url":"https:\/\/www.alphameditalia.com\/store\/product\/mu001-human-tecar-hcr-1002-completa-di-accessori-standard\/","og_site_name":"Alphamed Store","article_modified_time":"2021-03-18T21:39:11+00:00","og_image":[{"width":400,"height":400,"url":"https:\/\/www.alphameditalia.com\/store\/wp-content\/uploads\/2020\/03\/HCR-1002.jpg","type":"image\/jpeg"}],"twitter_card":"summary_large_image","twitter_misc":{"Tempo di lettura stimato":"2 minuti"},"schema":{"@context":"https:\/\/schema.org","@graph":[{"@type":"WebPage","@id":"https:\/\/www.alphameditalia.com\/store\/product\/mu001-human-tecar-hcr-1002-completa-di-accessori-standard\/","url":"https:\/\/www.alphameditalia.com\/store\/product\/mu001-human-tecar-hcr-1002-completa-di-accessori-standard\/","name":"MU001 Human Tecar HCR 1002 completa di accessori standard - Alphamed Store","isPartOf":{"@id":"https:\/\/www.alphameditalia.com\/store\/#website"},"primaryImageOfPage":{"@id":"https:\/\/www.alphameditalia.com\/store\/product\/mu001-human-tecar-hcr-1002-completa-di-accessori-standard\/#primaryimage"},"image":{"@id":"https:\/\/www.alphameditalia.com\/store\/product\/mu001-human-tecar-hcr-1002-completa-di-accessori-standard\/#primaryimage"},"thumbnailUrl":"https:\/\/www.alphameditalia.com\/store\/wp-content\/uploads\/2020\/03\/HCR-1002.jpg","datePublished":"2020-03-05T08:34:03+00:00","dateModified":"2021-03-18T21:39:11+00:00","breadcrumb":{"@id":"https:\/\/www.alphameditalia.com\/store\/product\/mu001-human-tecar-hcr-1002-completa-di-accessori-standard\/#breadcrumb"},"inLanguage":"it-IT","potentialAction":[{"@type":"ReadAction","target":["https:\/\/www.alphameditalia.com\/store\/product\/mu001-human-tecar-hcr-1002-completa-di-accessori-standard\/"]}]},{"@type":"ImageObject","inLanguage":"it-IT","@id":"https:\/\/www.alphameditalia.com\/store\/product\/mu001-human-tecar-hcr-1002-completa-di-accessori-standard\/#primaryimage","url":"https:\/\/www.alphameditalia.com\/store\/wp-content\/uploads\/2020\/03\/HCR-1002.jpg","contentUrl":"https:\/\/www.alphameditalia.com\/store\/wp-content\/uploads\/2020\/03\/HCR-1002.jpg","width":400,"height":400},{"@type":"BreadcrumbList","@id":"https:\/\/www.alphameditalia.com\/store\/product\/mu001-human-tecar-hcr-1002-completa-di-accessori-standard\/#breadcrumb","itemListElement":[{"@type":"ListItem","position":1,"name":"Home","item":"https:\/\/www.alphameditalia.com\/store\/"},{"@type":"ListItem","position":2,"name":"Prodotti","item":"https:\/\/www.alphameditalia.com\/store\/shop\/"},{"@type":"ListItem","position":3,"name":"MU001 Human Tecar HCR 1002 completa di accessori standard"}]},{"@type":"WebSite","@id":"https:\/\/www.alphameditalia.com\/store\/#website","url":"https:\/\/www.alphameditalia.com\/store\/","name":"Alphamed Store","description":"","potentialAction":[{"@type":"SearchAction","target":{"@type":"EntryPoint","urlTemplate":"https:\/\/www.alphameditalia.com\/store\/?s={search_term_string}"},"query-input":{"@type":"PropertyValueSpecification","valueRequired":true,"valueName":"search_term_string"}}],"inLanguage":"it-IT"}]}},"_links":{"self":[{"href":"https:\/\/www.alphameditalia.com\/store\/wp-json\/wp\/v2\/product\/5349","targetHints":{"allow":["GET"]}}],"collection":[{"href":"https:\/\/www.alphameditalia.com\/store\/wp-json\/wp\/v2\/product"}],"about":[{"href":"https:\/\/www.alphameditalia.com\/store\/wp-json\/wp\/v2\/types\/product"}],"wp:featuredmedia":[{"embeddable":true,"href":"https:\/\/www.alphameditalia.com\/store\/wp-json\/wp\/v2\/media\/5344"}],"wp:attachment":[{"href":"https:\/\/www.alphameditalia.com\/store\/wp-json\/wp\/v2\/media?parent=5349"}],"wp:term":[{"taxonomy":"product_cat","embeddable":true,"href":"https:\/\/www.alphameditalia.com\/store\/wp-json\/wp\/v2\/product_cat?post=5349"},{"taxonomy":"product_tag","embeddable":true,"href":"https:\/\/www.alphameditalia.com\/store\/wp-json\/wp\/v2\/product_tag?post=5349"},{"taxonomy":"product_folder","embeddable":true,"href":"https:\/\/www.alphameditalia.com\/store\/wp-json\/wp\/v2\/product_folder?post=5349"}],"curies":[{"name":"wp","href":"https:\/\/api.w.org\/{rel}","templated":true}]}}