{"id":4703,"date":"2020-02-24T14:30:33","date_gmt":"2020-02-24T13:30:33","guid":{"rendered":"https:\/\/www.alphameditalia.com\/store\/?post_type=product&#038;p=4703"},"modified":"2025-05-13T10:53:49","modified_gmt":"2025-05-13T08:53:49","slug":"ae085-testina-status-pack-per-sonopuls-190","status":"publish","type":"product","link":"https:\/\/www.alphameditalia.com\/store\/product\/ae085-testina-status-pack-per-sonopuls-190\/","title":{"rendered":"AE085 Status Pack\u2122 per Physiosonic ES-7 ex Sonopuls 190"},"content":{"rendered":"<p>StatUS Pack\u2122 \u00e8 una testina per ultrasuoni statica che dispone di una modulazione di frequenza per il controllo della somministrazione dell\u2019ultrasuono in base all\u2019impedenza tissutale ed ai parametri impostati.<br \/>\nLa modulazione dell\u2019ampiezza e del ciclo di lavoro (brevettate) fanno s\u00ec che non vengano a crearsi delle concentrazioni di calore nei tessuti, i cosiddetti \u201cHot Spot\u201d. La testina \u00e8 integrata in una coppetta vacuum per un\u2019applicazione ermetica su tutti i distretti corporei!<\/p>\n<p>Gel Pad : Piastrina in gel non liquido<br \/>\nUna speciale piastrina in gel non liquido garantisce un buon trasferimento dell\u2019energia a ultrasuoni. La piastrina viene tenuta ferma grazie a un anello di fissaggio. La pressione del vuoto crea un\u2019adesione perfetta fra il corpo, la piastrina in gel e la testina di trattamento. La posizione perpendicolare costante dell\u2019applicatore StatUS Pack\u2122 riduce le variazioni di dosaggio come nelle applicazione a ultrasuoni dinamiche. Questo migliora l\u2019efficacia<br \/>\ndella terapia e la sicurezza del paziente.<\/p>\n<p>Il Kit StatUS Pack\u2122, quando integrato nella Vostra unit\u00e0 Sonopuls, comprende:<\/p>\n<ul>\n<li>52 protocolli \u201cevidence-based\u201d per l\u2019applicazione della terapia ad ultrasuoni statica in base alla patologia.<\/li>\n<li>Supporto per testina StatUS Pack\u2122<\/li>\n<li>Set 3 Anelli di fissaggio gel StatUS Pack\u2122 (rif. per ordini AE190)<\/li>\n<li>40 set da 6 pezzi Gel Pad (240 pezzi in totale) rif. per ordini AE191<\/li>\n<li>Istruzioni d\u2019uso (CD ROM)<\/li>\n<\/ul>\n","protected":false},"excerpt":{"rendered":"<p>Non avete mai pensato quanto possa essere utile poter eseguire i vostri trattamenti a ultrasuoni senza dovervi sedere con il paziente, spostando la testina di trattamento sul tessuto. E non sarebbe eccezionale se potreste davvero trasferire l\u2019energia a ultrasuoni proprio dove vi serve e solo in quel punto! Tutto questo non \u00e8 pi\u00f9 un sogno, con StatUS Pack\u2122 \u00e8 possibile! Non solo il trattamento offre dei maggiori benefici ai vostri pazienti, ma vi fa anche risparmiare tempo per poter fare altre attivit\u00e0. Immaginatevi gli importanti risparmi di costi nell\u2019immediato futuro!<\/p>\n<p>StatUS Pack\u2122 (Static UltraSound) rappresenta un nuovo e rivoluzionario metodo per applicare gli ultrasuoni in un modo estremamente efficace: A Unique Hands Free Treatment!<br \/>\nSviluppato da Enraf-Nonius in collaborazione con istituti internazionali, StatUS Pack\u2122 \u00e8 un\u2019opportunit\u00e0 di trattamento sicura ed efficace per l\u2019applicazione degli ultrasuoni senza dover spostare manualmente la testina di trattamento. La testina ad ultrasuoni StatUS Pack\u2122 \u00e8 l\u2019ultima innovazione per quanto riguarda la somministrazione della terapia ad ultrasuoni statica. La testina StatUS Pack\u2122 pu\u00f2 essere utilizzata simultaneamente alla convenzionali testine dinamiche ad ultrasuoni Enraf Nonius su tutte le unit\u00e0 Sonopuls.<\/p>\n<p>Da oltre 60 anni, la terapia ad ultrasuoni \u00e8 uno dei trattamenti pi\u00f9 di frequente nella terapia fisica. Ai nostri giorni, la terapia a ultrasuoni si \u00e8 dimostrata essere un metodo efficace per trattare numerosi disordini muscolo-scheletrici e del tessuto molle. La terapia ad ultrasuoni \u00e8 l\u2019ideale per trattare con successo le problematiche del tessuto connettivo (collagene) con un\u2019alta densit\u00e0 (legamenti, tendini, fascia, capsule articolari e tessuto cicatriziale). Gli ultrasuoni si possono applicare con il metodo continuo o pulsato per azione termica (riscaldamento) o atermica. A basse intensit\u00e0, sembra che gli ultrasuoni abbiano un chiaro effetto stimolante sulla crescita dell\u2019osso (consolidamento accelerato della frattura), oltre che sulla riparazione del tendine e del nervo.<\/p>\n","protected":false},"featured_media":4688,"template":"","meta":{"_exactmetrics_skip_tracking":false,"_exactmetrics_sitenote_active":false,"_exactmetrics_sitenote_note":"","_exactmetrics_sitenote_category":0},"product_cat":[15],"product_tag":[],"product_folder":[609],"class_list":{"0":"post-4703","1":"product","2":"type-product","3":"status-publish","4":"has-post-thumbnail","6":"product_brand-brand-2","7":"product_cat-uncategorized","8":"product_shipping_class-standard-30gg","10":"first","11":"instock","12":"taxable","13":"shipping-taxable","14":"purchasable","15":"product-type-simple"},"yoast_head":"<!-- This site is optimized with the Yoast SEO plugin v25.5 - https:\/\/yoast.com\/wordpress\/plugins\/seo\/ -->\n<title>AE085 Status Pack\u2122 per Physiosonic ES-7 ex Sonopuls 190 - Alphamed Store<\/title>\n<meta name=\"robots\" content=\"index, follow, max-snippet:-1, max-image-preview:large, max-video-preview:-1\" \/>\n<link rel=\"canonical\" href=\"https:\/\/www.alphameditalia.com\/store\/product\/ae085-testina-status-pack-per-sonopuls-190\/\" \/>\n<meta property=\"og:locale\" content=\"it_IT\" \/>\n<meta property=\"og:type\" content=\"article\" \/>\n<meta property=\"og:title\" content=\"AE085 Status Pack\u2122 per Physiosonic ES-7 ex Sonopuls 190 - Alphamed Store\" \/>\n<meta property=\"og:description\" content=\"Non avete mai pensato quanto possa essere utile poter eseguire i vostri trattamenti a ultrasuoni senza dovervi sedere con il paziente, spostando la testina di trattamento sul tessuto. E non sarebbe eccezionale se potreste davvero trasferire l\u2019energia a ultrasuoni proprio dove vi serve e solo in quel punto! Tutto questo non \u00e8 pi\u00f9 un sogno, con StatUS Pack\u2122 \u00e8 possibile! Non solo il trattamento offre dei maggiori benefici ai vostri pazienti, ma vi fa anche risparmiare tempo per poter fare altre attivit\u00e0. Immaginatevi gli importanti risparmi di costi nell\u2019immediato futuro!  StatUS Pack\u2122 (Static UltraSound) rappresenta un nuovo e rivoluzionario metodo per applicare gli ultrasuoni in un modo estremamente efficace: A Unique Hands Free Treatment! Sviluppato da Enraf-Nonius in collaborazione con istituti internazionali, StatUS Pack\u2122 \u00e8 un\u2019opportunit\u00e0 di trattamento sicura ed efficace per l\u2019applicazione degli ultrasuoni senza dover spostare manualmente la testina di trattamento. La testina ad ultrasuoni StatUS Pack\u2122 \u00e8 l\u2019ultima innovazione per quanto riguarda la somministrazione della terapia ad ultrasuoni statica. La testina StatUS Pack\u2122 pu\u00f2 essere utilizzata simultaneamente alla convenzionali testine dinamiche ad ultrasuoni Enraf Nonius su tutte le unit\u00e0 Sonopuls.  Da oltre 60 anni, la terapia ad ultrasuoni \u00e8 uno dei trattamenti pi\u00f9 di frequente nella terapia fisica. Ai nostri giorni, la terapia a ultrasuoni si \u00e8 dimostrata essere un metodo efficace per trattare numerosi disordini muscolo-scheletrici e del tessuto molle. La terapia ad ultrasuoni \u00e8 l\u2019ideale per trattare con successo le problematiche del tessuto connettivo (collagene) con un\u2019alta densit\u00e0 (legamenti, tendini, fascia, capsule articolari e tessuto cicatriziale). Gli ultrasuoni si possono applicare con il metodo continuo o pulsato per azione termica (riscaldamento) o atermica. A basse intensit\u00e0, sembra che gli ultrasuoni abbiano un chiaro effetto stimolante sulla crescita dell\u2019osso (consolidamento accelerato della frattura), oltre che sulla riparazione del tendine e del nervo.\" \/>\n<meta property=\"og:url\" content=\"https:\/\/www.alphameditalia.com\/store\/product\/ae085-testina-status-pack-per-sonopuls-190\/\" \/>\n<meta property=\"og:site_name\" content=\"Alphamed Store\" \/>\n<meta property=\"article:modified_time\" content=\"2025-05-13T08:53:49+00:00\" \/>\n<meta property=\"og:image\" content=\"https:\/\/www.alphameditalia.com\/store\/wp-content\/uploads\/2020\/02\/TESTINE2.jpg\" \/>\n\t<meta property=\"og:image:width\" content=\"300\" \/>\n\t<meta property=\"og:image:height\" content=\"300\" \/>\n\t<meta property=\"og:image:type\" content=\"image\/jpeg\" \/>\n<meta name=\"twitter:card\" content=\"summary_large_image\" \/>\n<meta name=\"twitter:label1\" content=\"Tempo di lettura stimato\" \/>\n\t<meta name=\"twitter:data1\" content=\"2 minuti\" \/>\n<script type=\"application\/ld+json\" class=\"yoast-schema-graph\">{\"@context\":\"https:\/\/schema.org\",\"@graph\":[{\"@type\":\"WebPage\",\"@id\":\"https:\/\/www.alphameditalia.com\/store\/product\/ae085-testina-status-pack-per-sonopuls-190\/\",\"url\":\"https:\/\/www.alphameditalia.com\/store\/product\/ae085-testina-status-pack-per-sonopuls-190\/\",\"name\":\"AE085 Status Pack\u2122 per Physiosonic ES-7 ex Sonopuls 190 - Alphamed Store\",\"isPartOf\":{\"@id\":\"https:\/\/www.alphameditalia.com\/store\/#website\"},\"primaryImageOfPage\":{\"@id\":\"https:\/\/www.alphameditalia.com\/store\/product\/ae085-testina-status-pack-per-sonopuls-190\/#primaryimage\"},\"image\":{\"@id\":\"https:\/\/www.alphameditalia.com\/store\/product\/ae085-testina-status-pack-per-sonopuls-190\/#primaryimage\"},\"thumbnailUrl\":\"https:\/\/www.alphameditalia.com\/store\/wp-content\/uploads\/2020\/02\/TESTINE2.jpg\",\"datePublished\":\"2020-02-24T13:30:33+00:00\",\"dateModified\":\"2025-05-13T08:53:49+00:00\",\"breadcrumb\":{\"@id\":\"https:\/\/www.alphameditalia.com\/store\/product\/ae085-testina-status-pack-per-sonopuls-190\/#breadcrumb\"},\"inLanguage\":\"it-IT\",\"potentialAction\":[{\"@type\":\"ReadAction\",\"target\":[\"https:\/\/www.alphameditalia.com\/store\/product\/ae085-testina-status-pack-per-sonopuls-190\/\"]}]},{\"@type\":\"ImageObject\",\"inLanguage\":\"it-IT\",\"@id\":\"https:\/\/www.alphameditalia.com\/store\/product\/ae085-testina-status-pack-per-sonopuls-190\/#primaryimage\",\"url\":\"https:\/\/www.alphameditalia.com\/store\/wp-content\/uploads\/2020\/02\/TESTINE2.jpg\",\"contentUrl\":\"https:\/\/www.alphameditalia.com\/store\/wp-content\/uploads\/2020\/02\/TESTINE2.jpg\",\"width\":300,\"height\":300,\"caption\":\"SONOPULS CON TESTINA\"},{\"@type\":\"BreadcrumbList\",\"@id\":\"https:\/\/www.alphameditalia.com\/store\/product\/ae085-testina-status-pack-per-sonopuls-190\/#breadcrumb\",\"itemListElement\":[{\"@type\":\"ListItem\",\"position\":1,\"name\":\"Home\",\"item\":\"https:\/\/www.alphameditalia.com\/store\/\"},{\"@type\":\"ListItem\",\"position\":2,\"name\":\"Prodotti\",\"item\":\"https:\/\/www.alphameditalia.com\/store\/shop\/\"},{\"@type\":\"ListItem\",\"position\":3,\"name\":\"AE085 Status Pack\u2122 per Physiosonic ES-7 ex Sonopuls 190\"}]},{\"@type\":\"WebSite\",\"@id\":\"https:\/\/www.alphameditalia.com\/store\/#website\",\"url\":\"https:\/\/www.alphameditalia.com\/store\/\",\"name\":\"Alphamed Store\",\"description\":\"\",\"potentialAction\":[{\"@type\":\"SearchAction\",\"target\":{\"@type\":\"EntryPoint\",\"urlTemplate\":\"https:\/\/www.alphameditalia.com\/store\/?s={search_term_string}\"},\"query-input\":{\"@type\":\"PropertyValueSpecification\",\"valueRequired\":true,\"valueName\":\"search_term_string\"}}],\"inLanguage\":\"it-IT\"}]}<\/script>\n<!-- \/ Yoast SEO plugin. -->","yoast_head_json":{"title":"AE085 Status Pack\u2122 per Physiosonic ES-7 ex Sonopuls 190 - Alphamed Store","robots":{"index":"index","follow":"follow","max-snippet":"max-snippet:-1","max-image-preview":"max-image-preview:large","max-video-preview":"max-video-preview:-1"},"canonical":"https:\/\/www.alphameditalia.com\/store\/product\/ae085-testina-status-pack-per-sonopuls-190\/","og_locale":"it_IT","og_type":"article","og_title":"AE085 Status Pack\u2122 per Physiosonic ES-7 ex Sonopuls 190 - Alphamed Store","og_description":"Non avete mai pensato quanto possa essere utile poter eseguire i vostri trattamenti a ultrasuoni senza dovervi sedere con il paziente, spostando la testina di trattamento sul tessuto. E non sarebbe eccezionale se potreste davvero trasferire l\u2019energia a ultrasuoni proprio dove vi serve e solo in quel punto! Tutto questo non \u00e8 pi\u00f9 un sogno, con StatUS Pack\u2122 \u00e8 possibile! Non solo il trattamento offre dei maggiori benefici ai vostri pazienti, ma vi fa anche risparmiare tempo per poter fare altre attivit\u00e0. Immaginatevi gli importanti risparmi di costi nell\u2019immediato futuro!  StatUS Pack\u2122 (Static UltraSound) rappresenta un nuovo e rivoluzionario metodo per applicare gli ultrasuoni in un modo estremamente efficace: A Unique Hands Free Treatment! Sviluppato da Enraf-Nonius in collaborazione con istituti internazionali, StatUS Pack\u2122 \u00e8 un\u2019opportunit\u00e0 di trattamento sicura ed efficace per l\u2019applicazione degli ultrasuoni senza dover spostare manualmente la testina di trattamento. La testina ad ultrasuoni StatUS Pack\u2122 \u00e8 l\u2019ultima innovazione per quanto riguarda la somministrazione della terapia ad ultrasuoni statica. La testina StatUS Pack\u2122 pu\u00f2 essere utilizzata simultaneamente alla convenzionali testine dinamiche ad ultrasuoni Enraf Nonius su tutte le unit\u00e0 Sonopuls.  Da oltre 60 anni, la terapia ad ultrasuoni \u00e8 uno dei trattamenti pi\u00f9 di frequente nella terapia fisica. Ai nostri giorni, la terapia a ultrasuoni si \u00e8 dimostrata essere un metodo efficace per trattare numerosi disordini muscolo-scheletrici e del tessuto molle. La terapia ad ultrasuoni \u00e8 l\u2019ideale per trattare con successo le problematiche del tessuto connettivo (collagene) con un\u2019alta densit\u00e0 (legamenti, tendini, fascia, capsule articolari e tessuto cicatriziale). Gli ultrasuoni si possono applicare con il metodo continuo o pulsato per azione termica (riscaldamento) o atermica. A basse intensit\u00e0, sembra che gli ultrasuoni abbiano un chiaro effetto stimolante sulla crescita dell\u2019osso (consolidamento accelerato della frattura), oltre che sulla riparazione del tendine e del nervo.","og_url":"https:\/\/www.alphameditalia.com\/store\/product\/ae085-testina-status-pack-per-sonopuls-190\/","og_site_name":"Alphamed Store","article_modified_time":"2025-05-13T08:53:49+00:00","og_image":[{"width":300,"height":300,"url":"https:\/\/www.alphameditalia.com\/store\/wp-content\/uploads\/2020\/02\/TESTINE2.jpg","type":"image\/jpeg"}],"twitter_card":"summary_large_image","twitter_misc":{"Tempo di lettura stimato":"2 minuti"},"schema":{"@context":"https:\/\/schema.org","@graph":[{"@type":"WebPage","@id":"https:\/\/www.alphameditalia.com\/store\/product\/ae085-testina-status-pack-per-sonopuls-190\/","url":"https:\/\/www.alphameditalia.com\/store\/product\/ae085-testina-status-pack-per-sonopuls-190\/","name":"AE085 Status Pack\u2122 per Physiosonic ES-7 ex Sonopuls 190 - Alphamed Store","isPartOf":{"@id":"https:\/\/www.alphameditalia.com\/store\/#website"},"primaryImageOfPage":{"@id":"https:\/\/www.alphameditalia.com\/store\/product\/ae085-testina-status-pack-per-sonopuls-190\/#primaryimage"},"image":{"@id":"https:\/\/www.alphameditalia.com\/store\/product\/ae085-testina-status-pack-per-sonopuls-190\/#primaryimage"},"thumbnailUrl":"https:\/\/www.alphameditalia.com\/store\/wp-content\/uploads\/2020\/02\/TESTINE2.jpg","datePublished":"2020-02-24T13:30:33+00:00","dateModified":"2025-05-13T08:53:49+00:00","breadcrumb":{"@id":"https:\/\/www.alphameditalia.com\/store\/product\/ae085-testina-status-pack-per-sonopuls-190\/#breadcrumb"},"inLanguage":"it-IT","potentialAction":[{"@type":"ReadAction","target":["https:\/\/www.alphameditalia.com\/store\/product\/ae085-testina-status-pack-per-sonopuls-190\/"]}]},{"@type":"ImageObject","inLanguage":"it-IT","@id":"https:\/\/www.alphameditalia.com\/store\/product\/ae085-testina-status-pack-per-sonopuls-190\/#primaryimage","url":"https:\/\/www.alphameditalia.com\/store\/wp-content\/uploads\/2020\/02\/TESTINE2.jpg","contentUrl":"https:\/\/www.alphameditalia.com\/store\/wp-content\/uploads\/2020\/02\/TESTINE2.jpg","width":300,"height":300,"caption":"SONOPULS CON TESTINA"},{"@type":"BreadcrumbList","@id":"https:\/\/www.alphameditalia.com\/store\/product\/ae085-testina-status-pack-per-sonopuls-190\/#breadcrumb","itemListElement":[{"@type":"ListItem","position":1,"name":"Home","item":"https:\/\/www.alphameditalia.com\/store\/"},{"@type":"ListItem","position":2,"name":"Prodotti","item":"https:\/\/www.alphameditalia.com\/store\/shop\/"},{"@type":"ListItem","position":3,"name":"AE085 Status Pack\u2122 per Physiosonic ES-7 ex Sonopuls 190"}]},{"@type":"WebSite","@id":"https:\/\/www.alphameditalia.com\/store\/#website","url":"https:\/\/www.alphameditalia.com\/store\/","name":"Alphamed Store","description":"","potentialAction":[{"@type":"SearchAction","target":{"@type":"EntryPoint","urlTemplate":"https:\/\/www.alphameditalia.com\/store\/?s={search_term_string}"},"query-input":{"@type":"PropertyValueSpecification","valueRequired":true,"valueName":"search_term_string"}}],"inLanguage":"it-IT"}]}},"_links":{"self":[{"href":"https:\/\/www.alphameditalia.com\/store\/wp-json\/wp\/v2\/product\/4703","targetHints":{"allow":["GET"]}}],"collection":[{"href":"https:\/\/www.alphameditalia.com\/store\/wp-json\/wp\/v2\/product"}],"about":[{"href":"https:\/\/www.alphameditalia.com\/store\/wp-json\/wp\/v2\/types\/product"}],"wp:featuredmedia":[{"embeddable":true,"href":"https:\/\/www.alphameditalia.com\/store\/wp-json\/wp\/v2\/media\/4688"}],"wp:attachment":[{"href":"https:\/\/www.alphameditalia.com\/store\/wp-json\/wp\/v2\/media?parent=4703"}],"wp:term":[{"taxonomy":"product_cat","embeddable":true,"href":"https:\/\/www.alphameditalia.com\/store\/wp-json\/wp\/v2\/product_cat?post=4703"},{"taxonomy":"product_tag","embeddable":true,"href":"https:\/\/www.alphameditalia.com\/store\/wp-json\/wp\/v2\/product_tag?post=4703"},{"taxonomy":"product_folder","embeddable":true,"href":"https:\/\/www.alphameditalia.com\/store\/wp-json\/wp\/v2\/product_folder?post=4703"}],"curies":[{"name":"wp","href":"https:\/\/api.w.org\/{rel}","templated":true}]}}