{"id":2556,"date":"2019-07-05T14:18:23","date_gmt":"2019-07-05T12:18:23","guid":{"rendered":"http:\/\/www.alphameditalia.com\/store\/?post_type=product&#038;p=2556"},"modified":"2025-06-12T14:40:09","modified_gmt":"2025-06-12T12:40:09","slug":"manumed-optimal-5-sezioni-senza-flexion-regolazione-altezza-elettrica-con-pedaliera-cod-le018","status":"publish","type":"product","link":"https:\/\/www.alphameditalia.com\/store\/product\/manumed-optimal-5-sezioni-senza-flexion-regolazione-altezza-elettrica-con-pedaliera-cod-le018\/","title":{"rendered":"Manumed Optimal 5 sezioni senza flexion"},"content":{"rendered":"<p><strong>Caratteristiche tecniche linea Manumed Optimal 5 sezioni senza flexion\u00a0<\/strong><\/p>\n<ul>\n<li>Dimensioni 202 x 67 cm<\/li>\n<li>Peso kg 95<\/li>\n<li>Regolazione altezza 45-95 cm<\/li>\n<li>4 ruote retraibili<\/li>\n<li>Forza pompa idraulica 10.000 N per versione con regolazione altezza idraulica<\/li>\n<li>Tempo sollevamento min\/ max 18 sec circa per versione con regolazione altezza elettrica<\/li>\n<li>Capacit\u00e0 sollevamento 200 kg (opzionale 250 kg)<\/li>\n<li>Alimentazione 230 VAC 50\/60 Hz<\/li>\n<li>Assorbimento elettrico 2.0 A<\/li>\n<li>Conformi alla normativa CE 93\/42<\/li>\n<li>Certificato TUV tedesco<\/li>\n<li>PHTHALATE FREE materiale non tossico<\/li>\n<li>Materiale ignifugo e biocompatibile<\/li>\n<li>Densit\u00e0 espanso 40 kg \/ m3<\/li>\n<li>Movimentazione sezioni Manumed Optimal\u00a0 : 5 sezioni senza flexion centrale elettrica e braccioli testata regolabili<\/li>\n<li><strong>Garanzia 36 mesi sul sistema di regolazione altezza e sezioni oleodinamico<\/strong><\/li>\n<\/ul>\n<p><span style=\"font-size: 14pt; color: #800000;\"><strong>Modelli disponibili :\u00a0<\/strong><\/span><\/p>\n<p><span style=\"font-size: 14pt; color: #800000;\">LE018 Manumed Optimal 5 sezioni elettrico senza flexion con pedaliera<\/span><br \/>\n<span style=\"font-size: 14pt; color: #800000;\">LE043 Manumed Optimal 3 sezioni senza flexion idraulico<\/span><br \/>\n<span style=\"font-size: 14pt; color: #800000;\">LE044 Manumed Optimal 5 sezioni elettrico senza flexion con controllo periferic<\/span>o<\/p>\n<p><strong>CONFIGURAZIONI SENZA MAGGIORAZIONE DI PREZZO<\/strong><\/p>\n<p><strong>LARGHEZZE<\/strong><\/p>\n<ul>\n<li>Larghezza 67 cm rettangolare<\/li>\n<li>Larghezza 67\/50 cm trapezoidale<\/li>\n<\/ul>\n<p><strong>FORO VISO\u00a0 DISPONIBILE<\/strong><\/p>\n<ul>\n<li>Foro rettangolare oblungo con tappo a copertura nel colore del lettino<\/li>\n<li>Foro triangolare con tappo a copertura (opzionale) solo di colore nero<\/li>\n<li>Senza foro per il viso<\/li>\n<\/ul>\n<p><strong>COLORI IMBOTTITURA DISPONIBILI\u00a0<\/strong><\/p>\n<p>NUOVI COLORI EXECUTIVE \u00e8 una semipelle di altissima qualit\u00e0 con grana fine e liscia<br \/>\nNUOVI COLORI NATURAL: l\u2019imbottitura Natural \u00e8 una similpelle di altissima qualit\u00e0 con grana ruvida<br \/>\nNUOVI COLORI LIFESTYLE: l\u2019imbottitura Lifestyle \u00e8 una similpelle di altissima qualit\u00e0 zigrinata<\/p>\n<p>I colori del telaio disponibili sono BIANCO, NERO E GRIGIO.<\/p>\n","protected":false},"excerpt":{"rendered":"<p>La linea Manumed Optimal \u00e8 la linea di lettini per manipolazione pi\u00f9 venduta al mondo. Il Manumed Optimal 5 sezioni ha una capacit\u00e0 di carico che varia da 200 a 250 kg (opzionale), dispone di una robusta testata con braccioli sdoppiati. \u00a0Tutti i lettini della linea Optimal hanno una garanzia di 36 mesi ed hanno molteplici possibilit\u00e0 di realizzazioni su misura senza alcuna maggiorazione di prezzo, quali : foro viso oblungo o triangolare, sezione piedi rettangolare o svasata, telaio nei colori grigio, bianco o nero, imbottitura a scelta fra 16 colori nella versione Executive, Natural, Lifestyle.<br \/>\nIl Manumed Optimal senza flexion centrale pu\u00f2 essere ordinato nella versione idraulica ed elettrica. Nella versione con regolazione dell\u2019altezza elettrica pu\u00f2 essere scelto con la pedaliera o controllo periferico. Pu\u00f2 essere dotato, come optional, di una vasta gamma di accessori, per la regolazione dell\u2019altezza e trazione.<\/p>\n<div class=\"woocommerce-product-details__short-description\">\n<p><span style=\"color: #800000;\"><strong>Nel caso il lettino venga prescelto con la la testata triangolare il tappo a copertura di colore nero \u00e8 in omaggio.<\/strong><\/span><\/p>\n<p><span style=\"color: #800000;\"><strong>POSSIBILTA\u2019 DI FINANZIAMENTO CON TASSO AGEVOLATO RICHIEDI OGGI IL TUO PREVENTIVO !\u00a0<\/strong><\/span><\/p>\n<\/div>\n<div class=\"price-content\"><span style=\"color: #800000;\"><em><span class=\"JsGRdQ\">I lettini sono finanziabili per tutti i\u00a0<\/span><span class=\"JsGRdQ\">professionisti che dispongono di partita iva\u00a0<\/span><span class=\"JsGRdQ\">e previa approvazione bancaria\u00a0<\/span><span class=\"JsGRdQ\">del finanziamento<\/span><\/em><\/span><\/div>\n<div><span style=\"color: #000000;\"><strong><em>Note : Per vedere il prezzo di ogni singolo modello selezionare le diverse opzioni\u00a0<\/em><\/strong><\/span><\/div>\n","protected":false},"featured_media":2558,"template":"","meta":{"_exactmetrics_skip_tracking":false,"_exactmetrics_sitenote_active":false,"_exactmetrics_sitenote_note":"","_exactmetrics_sitenote_category":0},"product_cat":[149],"product_tag":[514],"product_folder":[314],"class_list":{"0":"post-2556","1":"product","2":"type-product","3":"status-publish","4":"has-post-thumbnail","6":"product_brand-brand-2","7":"product_cat-manumed-optimal","8":"product_tag-optimal","9":"product_shipping_class-standard-30gg","11":"first","12":"instock","13":"taxable","14":"shipping-taxable","15":"purchasable","16":"product-type-variable"},"yoast_head":"<!-- This site is optimized with the Yoast SEO plugin v25.5 - https:\/\/yoast.com\/wordpress\/plugins\/seo\/ -->\n<title>Manumed Optimal 5 sezioni senza flexion - Alphamed Store<\/title>\n<meta name=\"robots\" content=\"index, follow, max-snippet:-1, max-image-preview:large, max-video-preview:-1\" \/>\n<link rel=\"canonical\" href=\"https:\/\/www.alphameditalia.com\/store\/product\/manumed-optimal-5-sezioni-senza-flexion-regolazione-altezza-elettrica-con-pedaliera-cod-le018\/\" \/>\n<meta property=\"og:locale\" content=\"it_IT\" \/>\n<meta property=\"og:type\" content=\"article\" \/>\n<meta property=\"og:title\" content=\"Manumed Optimal 5 sezioni senza flexion - Alphamed Store\" \/>\n<meta property=\"og:description\" content=\"La linea Manumed Optimal \u00e8 la linea di lettini per manipolazione pi\u00f9 venduta al mondo. Il Manumed Optimal 5 sezioni ha una capacit\u00e0 di carico che varia da 200 a 250 kg (opzionale), dispone di una robusta testata con braccioli sdoppiati. \u00a0Tutti i lettini della linea Optimal hanno una garanzia di 36 mesi ed hanno molteplici possibilit\u00e0 di realizzazioni su misura senza alcuna maggiorazione di prezzo, quali : foro viso oblungo o triangolare, sezione piedi rettangolare o svasata, telaio nei colori grigio, bianco o nero, imbottitura a scelta fra 16 colori nella versione Executive, Natural, Lifestyle. Il Manumed Optimal senza flexion centrale pu\u00f2 essere ordinato nella versione idraulica ed elettrica. Nella versione con regolazione dell\u2019altezza elettrica pu\u00f2 essere scelto con la pedaliera o controllo periferico. Pu\u00f2 essere dotato, come optional, di una vasta gamma di accessori, per la regolazione dell\u2019altezza e trazione.   Nel caso il lettino venga prescelto con la la testata triangolare il tappo a copertura di colore nero \u00e8 in omaggio.  POSSIBILTA\u2019 DI FINANZIAMENTO CON TASSO AGEVOLATO RICHIEDI OGGI IL TUO PREVENTIVO !\u00a0   I lettini sono finanziabili per tutti i\u00a0professionisti che dispongono di partita iva\u00a0e previa approvazione bancaria\u00a0del finanziamento Note : Per vedere il prezzo di ogni singolo modello selezionare le diverse opzioni\u00a0\" \/>\n<meta property=\"og:url\" content=\"https:\/\/www.alphameditalia.com\/store\/product\/manumed-optimal-5-sezioni-senza-flexion-regolazione-altezza-elettrica-con-pedaliera-cod-le018\/\" \/>\n<meta property=\"og:site_name\" content=\"Alphamed Store\" \/>\n<meta property=\"article:modified_time\" content=\"2025-06-12T12:40:09+00:00\" \/>\n<meta property=\"og:image\" content=\"https:\/\/www.alphameditalia.com\/store\/wp-content\/uploads\/2019\/07\/manumed-5-sezioni-senza-flexion.jpg\" \/>\n\t<meta property=\"og:image:width\" content=\"688\" \/>\n\t<meta property=\"og:image:height\" content=\"419\" \/>\n\t<meta property=\"og:image:type\" content=\"image\/jpeg\" \/>\n<meta name=\"twitter:card\" content=\"summary_large_image\" \/>\n<meta name=\"twitter:label1\" content=\"Tempo di lettura stimato\" \/>\n\t<meta name=\"twitter:data1\" content=\"2 minuti\" \/>\n<script type=\"application\/ld+json\" class=\"yoast-schema-graph\">{\"@context\":\"https:\/\/schema.org\",\"@graph\":[{\"@type\":\"WebPage\",\"@id\":\"https:\/\/www.alphameditalia.com\/store\/product\/manumed-optimal-5-sezioni-senza-flexion-regolazione-altezza-elettrica-con-pedaliera-cod-le018\/\",\"url\":\"https:\/\/www.alphameditalia.com\/store\/product\/manumed-optimal-5-sezioni-senza-flexion-regolazione-altezza-elettrica-con-pedaliera-cod-le018\/\",\"name\":\"Manumed Optimal 5 sezioni senza flexion - Alphamed Store\",\"isPartOf\":{\"@id\":\"https:\/\/www.alphameditalia.com\/store\/#website\"},\"primaryImageOfPage\":{\"@id\":\"https:\/\/www.alphameditalia.com\/store\/product\/manumed-optimal-5-sezioni-senza-flexion-regolazione-altezza-elettrica-con-pedaliera-cod-le018\/#primaryimage\"},\"image\":{\"@id\":\"https:\/\/www.alphameditalia.com\/store\/product\/manumed-optimal-5-sezioni-senza-flexion-regolazione-altezza-elettrica-con-pedaliera-cod-le018\/#primaryimage\"},\"thumbnailUrl\":\"https:\/\/www.alphameditalia.com\/store\/wp-content\/uploads\/2019\/07\/manumed-5-sezioni-senza-flexion.jpg\",\"datePublished\":\"2019-07-05T12:18:23+00:00\",\"dateModified\":\"2025-06-12T12:40:09+00:00\",\"breadcrumb\":{\"@id\":\"https:\/\/www.alphameditalia.com\/store\/product\/manumed-optimal-5-sezioni-senza-flexion-regolazione-altezza-elettrica-con-pedaliera-cod-le018\/#breadcrumb\"},\"inLanguage\":\"it-IT\",\"potentialAction\":[{\"@type\":\"ReadAction\",\"target\":[\"https:\/\/www.alphameditalia.com\/store\/product\/manumed-optimal-5-sezioni-senza-flexion-regolazione-altezza-elettrica-con-pedaliera-cod-le018\/\"]}]},{\"@type\":\"ImageObject\",\"inLanguage\":\"it-IT\",\"@id\":\"https:\/\/www.alphameditalia.com\/store\/product\/manumed-optimal-5-sezioni-senza-flexion-regolazione-altezza-elettrica-con-pedaliera-cod-le018\/#primaryimage\",\"url\":\"https:\/\/www.alphameditalia.com\/store\/wp-content\/uploads\/2019\/07\/manumed-5-sezioni-senza-flexion.jpg\",\"contentUrl\":\"https:\/\/www.alphameditalia.com\/store\/wp-content\/uploads\/2019\/07\/manumed-5-sezioni-senza-flexion.jpg\",\"width\":688,\"height\":419},{\"@type\":\"BreadcrumbList\",\"@id\":\"https:\/\/www.alphameditalia.com\/store\/product\/manumed-optimal-5-sezioni-senza-flexion-regolazione-altezza-elettrica-con-pedaliera-cod-le018\/#breadcrumb\",\"itemListElement\":[{\"@type\":\"ListItem\",\"position\":1,\"name\":\"Home\",\"item\":\"https:\/\/www.alphameditalia.com\/store\/\"},{\"@type\":\"ListItem\",\"position\":2,\"name\":\"Prodotti\",\"item\":\"https:\/\/www.alphameditalia.com\/store\/shop\/\"},{\"@type\":\"ListItem\",\"position\":3,\"name\":\"Manumed Optimal 5 sezioni senza flexion\"}]},{\"@type\":\"WebSite\",\"@id\":\"https:\/\/www.alphameditalia.com\/store\/#website\",\"url\":\"https:\/\/www.alphameditalia.com\/store\/\",\"name\":\"Alphamed Store\",\"description\":\"\",\"potentialAction\":[{\"@type\":\"SearchAction\",\"target\":{\"@type\":\"EntryPoint\",\"urlTemplate\":\"https:\/\/www.alphameditalia.com\/store\/?s={search_term_string}\"},\"query-input\":{\"@type\":\"PropertyValueSpecification\",\"valueRequired\":true,\"valueName\":\"search_term_string\"}}],\"inLanguage\":\"it-IT\"}]}<\/script>\n<!-- \/ Yoast SEO plugin. -->","yoast_head_json":{"title":"Manumed Optimal 5 sezioni senza flexion - Alphamed Store","robots":{"index":"index","follow":"follow","max-snippet":"max-snippet:-1","max-image-preview":"max-image-preview:large","max-video-preview":"max-video-preview:-1"},"canonical":"https:\/\/www.alphameditalia.com\/store\/product\/manumed-optimal-5-sezioni-senza-flexion-regolazione-altezza-elettrica-con-pedaliera-cod-le018\/","og_locale":"it_IT","og_type":"article","og_title":"Manumed Optimal 5 sezioni senza flexion - Alphamed Store","og_description":"La linea Manumed Optimal \u00e8 la linea di lettini per manipolazione pi\u00f9 venduta al mondo. Il Manumed Optimal 5 sezioni ha una capacit\u00e0 di carico che varia da 200 a 250 kg (opzionale), dispone di una robusta testata con braccioli sdoppiati. \u00a0Tutti i lettini della linea Optimal hanno una garanzia di 36 mesi ed hanno molteplici possibilit\u00e0 di realizzazioni su misura senza alcuna maggiorazione di prezzo, quali : foro viso oblungo o triangolare, sezione piedi rettangolare o svasata, telaio nei colori grigio, bianco o nero, imbottitura a scelta fra 16 colori nella versione Executive, Natural, Lifestyle. Il Manumed Optimal senza flexion centrale pu\u00f2 essere ordinato nella versione idraulica ed elettrica. Nella versione con regolazione dell\u2019altezza elettrica pu\u00f2 essere scelto con la pedaliera o controllo periferico. Pu\u00f2 essere dotato, come optional, di una vasta gamma di accessori, per la regolazione dell\u2019altezza e trazione.   Nel caso il lettino venga prescelto con la la testata triangolare il tappo a copertura di colore nero \u00e8 in omaggio.  POSSIBILTA\u2019 DI FINANZIAMENTO CON TASSO AGEVOLATO RICHIEDI OGGI IL TUO PREVENTIVO !\u00a0   I lettini sono finanziabili per tutti i\u00a0professionisti che dispongono di partita iva\u00a0e previa approvazione bancaria\u00a0del finanziamento Note : Per vedere il prezzo di ogni singolo modello selezionare le diverse opzioni\u00a0","og_url":"https:\/\/www.alphameditalia.com\/store\/product\/manumed-optimal-5-sezioni-senza-flexion-regolazione-altezza-elettrica-con-pedaliera-cod-le018\/","og_site_name":"Alphamed Store","article_modified_time":"2025-06-12T12:40:09+00:00","og_image":[{"width":688,"height":419,"url":"https:\/\/www.alphameditalia.com\/store\/wp-content\/uploads\/2019\/07\/manumed-5-sezioni-senza-flexion.jpg","type":"image\/jpeg"}],"twitter_card":"summary_large_image","twitter_misc":{"Tempo di lettura stimato":"2 minuti"},"schema":{"@context":"https:\/\/schema.org","@graph":[{"@type":"WebPage","@id":"https:\/\/www.alphameditalia.com\/store\/product\/manumed-optimal-5-sezioni-senza-flexion-regolazione-altezza-elettrica-con-pedaliera-cod-le018\/","url":"https:\/\/www.alphameditalia.com\/store\/product\/manumed-optimal-5-sezioni-senza-flexion-regolazione-altezza-elettrica-con-pedaliera-cod-le018\/","name":"Manumed Optimal 5 sezioni senza flexion - Alphamed Store","isPartOf":{"@id":"https:\/\/www.alphameditalia.com\/store\/#website"},"primaryImageOfPage":{"@id":"https:\/\/www.alphameditalia.com\/store\/product\/manumed-optimal-5-sezioni-senza-flexion-regolazione-altezza-elettrica-con-pedaliera-cod-le018\/#primaryimage"},"image":{"@id":"https:\/\/www.alphameditalia.com\/store\/product\/manumed-optimal-5-sezioni-senza-flexion-regolazione-altezza-elettrica-con-pedaliera-cod-le018\/#primaryimage"},"thumbnailUrl":"https:\/\/www.alphameditalia.com\/store\/wp-content\/uploads\/2019\/07\/manumed-5-sezioni-senza-flexion.jpg","datePublished":"2019-07-05T12:18:23+00:00","dateModified":"2025-06-12T12:40:09+00:00","breadcrumb":{"@id":"https:\/\/www.alphameditalia.com\/store\/product\/manumed-optimal-5-sezioni-senza-flexion-regolazione-altezza-elettrica-con-pedaliera-cod-le018\/#breadcrumb"},"inLanguage":"it-IT","potentialAction":[{"@type":"ReadAction","target":["https:\/\/www.alphameditalia.com\/store\/product\/manumed-optimal-5-sezioni-senza-flexion-regolazione-altezza-elettrica-con-pedaliera-cod-le018\/"]}]},{"@type":"ImageObject","inLanguage":"it-IT","@id":"https:\/\/www.alphameditalia.com\/store\/product\/manumed-optimal-5-sezioni-senza-flexion-regolazione-altezza-elettrica-con-pedaliera-cod-le018\/#primaryimage","url":"https:\/\/www.alphameditalia.com\/store\/wp-content\/uploads\/2019\/07\/manumed-5-sezioni-senza-flexion.jpg","contentUrl":"https:\/\/www.alphameditalia.com\/store\/wp-content\/uploads\/2019\/07\/manumed-5-sezioni-senza-flexion.jpg","width":688,"height":419},{"@type":"BreadcrumbList","@id":"https:\/\/www.alphameditalia.com\/store\/product\/manumed-optimal-5-sezioni-senza-flexion-regolazione-altezza-elettrica-con-pedaliera-cod-le018\/#breadcrumb","itemListElement":[{"@type":"ListItem","position":1,"name":"Home","item":"https:\/\/www.alphameditalia.com\/store\/"},{"@type":"ListItem","position":2,"name":"Prodotti","item":"https:\/\/www.alphameditalia.com\/store\/shop\/"},{"@type":"ListItem","position":3,"name":"Manumed Optimal 5 sezioni senza flexion"}]},{"@type":"WebSite","@id":"https:\/\/www.alphameditalia.com\/store\/#website","url":"https:\/\/www.alphameditalia.com\/store\/","name":"Alphamed Store","description":"","potentialAction":[{"@type":"SearchAction","target":{"@type":"EntryPoint","urlTemplate":"https:\/\/www.alphameditalia.com\/store\/?s={search_term_string}"},"query-input":{"@type":"PropertyValueSpecification","valueRequired":true,"valueName":"search_term_string"}}],"inLanguage":"it-IT"}]}},"_links":{"self":[{"href":"https:\/\/www.alphameditalia.com\/store\/wp-json\/wp\/v2\/product\/2556","targetHints":{"allow":["GET"]}}],"collection":[{"href":"https:\/\/www.alphameditalia.com\/store\/wp-json\/wp\/v2\/product"}],"about":[{"href":"https:\/\/www.alphameditalia.com\/store\/wp-json\/wp\/v2\/types\/product"}],"wp:featuredmedia":[{"embeddable":true,"href":"https:\/\/www.alphameditalia.com\/store\/wp-json\/wp\/v2\/media\/2558"}],"wp:attachment":[{"href":"https:\/\/www.alphameditalia.com\/store\/wp-json\/wp\/v2\/media?parent=2556"}],"wp:term":[{"taxonomy":"product_cat","embeddable":true,"href":"https:\/\/www.alphameditalia.com\/store\/wp-json\/wp\/v2\/product_cat?post=2556"},{"taxonomy":"product_tag","embeddable":true,"href":"https:\/\/www.alphameditalia.com\/store\/wp-json\/wp\/v2\/product_tag?post=2556"},{"taxonomy":"product_folder","embeddable":true,"href":"https:\/\/www.alphameditalia.com\/store\/wp-json\/wp\/v2\/product_folder?post=2556"}],"curies":[{"name":"wp","href":"https:\/\/api.w.org\/{rel}","templated":true}]}}